{"id":157,"date":"2024-09-08T21:47:19","date_gmt":"2024-09-09T00:47:19","guid":{"rendered":"https:\/\/papaguth.com.br\/generated-homepage\/"},"modified":"2025-09-25T14:58:08","modified_gmt":"2025-09-25T17:58:08","slug":"inicial","status":"publish","type":"page","link":"https:\/\/papaguth.com.br\/en\/","title":{"rendered":"INICIAL"},"content":{"rendered":"<h1 style=\"\">Sabores da Culin\u00e1ria Capixaba \u00e0 Beira-Mar<\/h1>\n<p style=\"\">Venha descobrir um espa\u00e7o onde a tradi\u00e7\u00e3o da culin\u00e1ria capixaba se encontra com a sofistica\u00e7\u00e3o e o requinte, servida com vista deslumbrante para a ba\u00eda de Vit\u00f3ria.<\/p>\n<h2 style=\"text-align: center;\"><strong>Novo por<u><\/u> aqui!?<\/strong><\/h2>\n<h6 style=\"text-align: center;\"><strong>Conhe\u00e7a nosso restaurante e veja por qu\u00ea n\u00f3s somos refer\u00eancia em gastronomia capixaba!<\/strong><\/h6>\n<p style=\"\"><a href=\"https:\/\/papaguth.com.br\/en\/o-restaurante\/\" style=\"outline: none;\">CONHE\u00e7A O RESTAURANTE<\/a><a href=\"https:\/\/papaguth.com.br\/en\/o-restaurante\/\" style=\"outline: none;\">&nbsp;\u279d<\/a><\/p>\n<h6 style=\"text-align: center;\"><strong>Siga a gente no Instagram e fique por dentro das novidades!<\/strong><\/h6>\n<p style=\"\"><a href=\"https:\/\/www.instagram.com\/papaguth\/\" style=\"outline: none;\" target=\"_blank\" rel=\"noopener\">SIGA-NOS<\/a><a href=\"https:\/\/www.instagram.com\/papaguth\/\" style=\"outline: none;\" target=\"_blank\" rel=\"noopener\">&nbsp;\u279d<\/a><\/p>\n<h6 style=\"text-align: center;\"><strong>Conhe\u00e7a nosso espa\u00e7o de eventos e torne seu evento inesquec\u00edvel!<\/strong><\/h6>\n<p style=\"\"><a href=\"https:\/\/papaguth.com.br\/en\/eventos\/\" style=\"outline: none;\">SAIBA MAIS&nbsp; \u279d<\/a><\/p>\n<h6 style=\"text-align: center;\"><strong>Saiba como fazer sua reserva e garantir o melhor do Papaguth para voc\u00ea!<\/strong><\/h6>\n<p style=\"\"><a href=\"https:\/\/papaguth.com.br\/en\/reservas-e-pedidos\/\" style=\"outline: none;\">RESERVE AGORA \u279d<\/a><\/p>\n<h1 style=\"text-align: center;\">Fa\u00e7a um Tour 360\u00ba pelo Papaguth!<\/h1>\n<p style=\"text-align: center;\">Descubra cada detalhe do nosso espa\u00e7o \u00e0 beira-mar sem sair de casa. Navegue pelo restaurante em uma experi\u00eancia imersiva e sinta a atmosfera \u00fanica da nossa cozinha capixaba antes mesmo de nos visitar.<\/p>\n<p><span><a href=\"https:\/\/papaguth.com.br\/en\/tour360\/\" target=\"_blank\"><img decoding=\"async\" alt=\"\" data-id=\"912\" width=\"249\" data-init-width=\"1031\" height=\"75\" data-init-height=\"310\" title=\"botao-tour\" loading=\"lazy\" src=\"https:\/\/papaguth.com.br\/wp-content\/uploads\/2025\/09\/botao-tour.png\" data-width=\"249\" data-height=\"75\" style=\"aspect-ratio: auto 1031 \/ 310;\" data-link-wrap=\"true\"><\/a><\/span><\/p>\n<h2 style=\"color: var(--tcb-skin-color-2) !important; --tcb-applied-color: var$(--tcb-skin-color-2) !important;\">Conhe\u00e7a a atmosfera e os sabores do nosso restaurante em um minuto!<\/h2>\n<p style=\"color: var(--tcb-skin-color-2) !important; --tcb-applied-color: var$(--tcb-skin-color-2) !important;\">Conecte-se com a experi\u00eancia Papaguth por meio de um v\u00eddeo que captura a ess\u00eancia do nosso restaurante: a beleza da vista para a ba\u00eda de Vit\u00f3ria, o ambiente aconchegante, a culin\u00e1ria capixaba de alta qualidade e o atendimento atencioso.<\/p>\n<h4 style=\"\">ESPA\u00c7O DE EVENTOS PAPAGUTH<\/h4>\n<h1>Celebre momentos especiais com a vista mais bonita de Vit\u00f3ria!<\/h1>\n<h3 style=\"\">O Papaguth \u00e9 o lugar perfeito para realizar seu evento.<\/h3>\n<p style=\"\">O Papaguth oferece um espa\u00e7o \u00fanico para eventos como casamentos, anivers\u00e1rios, eventos corporativos e muito mais, com capacidade para at\u00e9 150 (um sal\u00e3o) ou 250 (uso de dois sal\u00f5es). Com \u00e1reas internas e externas, voc\u00ea e seus convidados podem desfrutar da vista espetacular para a ba\u00eda de Vit\u00f3ria, al\u00e9m de contar com servi\u00e7os como jantar, almo\u00e7o, coquetel e outros servi\u00e7os para agregar valor \u00e0 sua ocasi\u00e3o.&nbsp;<\/p>\n<h1 style=\"\">Bateu aquela fome? Que tal fazer seu pedido agora?<\/h1>\n<p style=\"\">Pe\u00e7a de casa e venha buscar no restaurante para pegar!<\/p>","protected":false},"excerpt":{"rendered":"<p>Sabores da Culin\u00e1ria Capixaba \u00e0 Beira-Mar Venha descobrir um espa\u00e7o onde a tradi\u00e7\u00e3o da culin\u00e1ria capixaba se encontra com a sofistica\u00e7\u00e3o e o requinte, servida com vista deslumbrante para a ba\u00eda de Vit\u00f3ria. Novo por aqui!? Conhe\u00e7a nosso restaurante e veja por qu\u00ea n\u00f3s somos refer\u00eancia em gastronomia capixaba! CONHE\u00e7A O RESTAURANTE&nbsp;\u279d Siga a gente [&hellip;]<\/p>","protected":false},"author":1,"featured_media":0,"parent":0,"menu_order":0,"comment_status":"closed","ping_status":"closed","template":"","meta":{"_joinchat":[],"footnotes":""},"categories":[],"tags":[],"folder":[25],"class_list":["post-157","page","type-page","status-publish","hentry","post-wrapper","thrv_wrapper"],"_links":{"self":[{"href":"https:\/\/papaguth.com.br\/en\/wp-json\/wp\/v2\/pages\/157","targetHints":{"allow":["GET"]}}],"collection":[{"href":"https:\/\/papaguth.com.br\/en\/wp-json\/wp\/v2\/pages"}],"about":[{"href":"https:\/\/papaguth.com.br\/en\/wp-json\/wp\/v2\/types\/page"}],"author":[{"embeddable":true,"href":"https:\/\/papaguth.com.br\/en\/wp-json\/wp\/v2\/users\/1"}],"replies":[{"embeddable":true,"href":"https:\/\/papaguth.com.br\/en\/wp-json\/wp\/v2\/comments?post=157"}],"version-history":[{"count":24,"href":"https:\/\/papaguth.com.br\/en\/wp-json\/wp\/v2\/pages\/157\/revisions"}],"predecessor-version":[{"id":920,"href":"https:\/\/papaguth.com.br\/en\/wp-json\/wp\/v2\/pages\/157\/revisions\/920"}],"wp:attachment":[{"href":"https:\/\/papaguth.com.br\/en\/wp-json\/wp\/v2\/media?parent=157"}],"wp:term":[{"taxonomy":"category","embeddable":true,"href":"https:\/\/papaguth.com.br\/en\/wp-json\/wp\/v2\/categories?post=157"},{"taxonomy":"post_tag","embeddable":true,"href":"https:\/\/papaguth.com.br\/en\/wp-json\/wp\/v2\/tags?post=157"},{"taxonomy":"folder","embeddable":true,"href":"https:\/\/papaguth.com.br\/en\/wp-json\/wp\/v2\/folder?post=157"}],"curies":[{"name":"wp","href":"https:\/\/api.w.org\/{rel}","templated":true}]}}