{"id":168,"date":"2024-09-08T22:46:40","date_gmt":"2024-09-09T01:46:40","guid":{"rendered":"https:\/\/papaguth.com.br\/?page_id=168"},"modified":"2025-09-25T14:59:10","modified_gmt":"2025-09-25T17:59:10","slug":"o-restaurante","status":"publish","type":"page","link":"https:\/\/papaguth.com.br\/en\/o-restaurante\/","title":{"rendered":"O RESTAURANTE"},"content":{"rendered":"<h1 style=\"\">Sabores da Culin\u00e1ria Capixaba \u00e0 Beira-Mar<\/h1>\n<p style=\"\">Venha descobrir um espa\u00e7o onde a tradi\u00e7\u00e3o da culin\u00e1ria capixaba se encontra com a sofistica\u00e7\u00e3o e o requinte, servida com vista deslumbrante para a ba\u00eda de Vit\u00f3ria.<\/p>\n<p style=\"\">PRESENTE ESPECIAL<\/p>\n<h4 style=\"\">Aprenda passo a passo a fazer a sua pr\u00f3pria moqueca capixaba com nosso Master Chef J\u00falio Lemos!<\/h4>\n<div class='fluentform ff-default fluentform_wrapper_7 ffs_default_wrap'><form data-form_id=\"7\" id=\"fluentform_7\" class=\"frm-fluent-form fluent_form_7 ff-el-form-top ff_form_instance_7_1 ff-form-loading ffs_default\" data-form_instance=\"ff_form_instance_7_1\" method=\"POST\" action=\"\" ><fieldset  style=\"border: none!important;margin: 0!important;padding: 0!important;background-color: transparent!important;box-shadow: none!important;outline: none!important; min-inline-size: 100%;\">\n                    <legend class=\"ff_screen_reader_title\" style=\"display: block; margin: 0!important;padding: 0!important;height: 0!important;text-indent: -999999px;width: 0!important;overflow:hidden;\">Download E-book<\/legend><input type='hidden' name='__fluent_form_embded_post_id' value='168' \/><input type=\"hidden\" id=\"_fluentform_7_fluentformnonce\" name=\"_fluentform_7_fluentformnonce\" value=\"01b3091ff8\" \/><input type=\"hidden\" name=\"_wp_http_referer\" value=\"\/en\/wp-json\/wp\/v2\/pages\/168\" \/><div data-name=\"ff_cn_id_1\"  class='ff-t-container ff-column-container ff_columns_total_3'><div class='ff-t-cell ff-t-column-1' style='flex-basis: 33.33%;'><div data-type=\"name-element\" data-name=\"names\" class=\"ff-field_container ff-name-field-wrapper\" ><div class='ff-t-container'><div class='ff-t-cell'><div class='ff-el-group ff-el-form-hide_label'><div class=\"ff-el-input--label ff-el-is-required asterisk-right\"><label for='ff_7_names_first_name_' id='label_ff_7_names_first_name_' >Nome<\/label><\/div><div class='ff-el-input--content'><input type=\"text\" name=\"names[first_name]\" id=\"ff_7_names_first_name_\" class=\"ff-el-form-control\" placeholder=\"Nome\" aria-invalid=\"false\" aria-required=\"true\"><\/div><\/div><\/div><\/div><\/div><\/div><div class='ff-t-cell ff-t-column-2' style='flex-basis: 33.33%;'><div class='ff-el-group ff-el-form-hide_label'><div class=\"ff-el-input--label ff-el-is-required asterisk-right\"><label for='ff_7_email' id='label_ff_7_email' aria-label=\"Email\">Email<\/label><\/div><div class='ff-el-input--content'><input type=\"email\" name=\"email\" id=\"ff_7_email\" class=\"ff-el-form-control\" placeholder=\"Email\" data-name=\"email\"  aria-invalid=\"false\" aria-required=\"true\"><\/div><\/div><\/div><div class='ff-t-cell ff-t-column-3' style='flex-basis: 33.33%;'><div class='ff-el-group ff-el-form-hide_label'><div class=\"ff-el-input--label asterisk-right\"><label for='ff_7_phone' id='label_ff_7_phone' aria-label=\"Celular\">Celular<\/label><\/div><div class='ff-el-input--content'><input name=\"phone\" class=\"ff-el-form-control ff-el-phone\" type=\"tel\" placeholder=\"Celular\" data-name=\"phone\" id=\"ff_7_phone\" inputmode=\"tel\"  aria-invalid='false' aria-required=\"false\"><\/div><\/div><\/div><\/div><div class='ff-el-group ff-text-left ff_submit_btn_wrapper'><button type=\"submit\" class=\"ff-btn ff-btn-submit ff-btn-md ff_btn_style\"  aria-label=\"Enviar\">Enviar<\/button><\/div><\/fieldset><input type=\"hidden\" name=\"trp-form-language\" value=\"en\"\/><\/form><div id='fluentform_7_errors' class='ff-errors-in-stack ff_form_instance_7_1 ff-form-loading_errors ff_form_instance_7_1_errors'><\/div><\/div>            <script type=\"text\/javascript\">\n                window.fluent_form_ff_form_instance_7_1 = {\"id\":\"7\",\"settings\":{\"layout\":{\"labelPlacement\":\"top\",\"helpMessagePlacement\":\"with_label\",\"errorMessagePlacement\":\"inline\",\"cssClassName\":\"\",\"asteriskPlacement\":\"asterisk-right\"},\"restrictions\":{\"denyEmptySubmission\":{\"enabled\":false}}},\"form_instance\":\"ff_form_instance_7_1\",\"form_id_selector\":\"fluentform_7\",\"rules\":{\"names[first_name]\":{\"required\":{\"value\":true,\"message\":\"This field is required\",\"global_message\":\"This field is required\",\"global\":true}},\"names[middle_name]\":{\"required\":{\"value\":false,\"message\":\"This field is required\",\"global_message\":\"This field is required\",\"global\":true}},\"names[last_name]\":{\"required\":{\"value\":false,\"message\":\"This field is required\",\"global_message\":\"This field is required\",\"global\":true}},\"email\":{\"required\":{\"value\":true,\"message\":\"This field is required\",\"global_message\":\"This field is required\",\"global\":true},\"email\":{\"value\":true,\"message\":\"This field must contain a valid email\",\"global_message\":\"This field must contain a valid email\",\"global\":true}},\"phone\":{\"required\":{\"value\":false,\"global\":true,\"message\":\"This field is required\",\"global_message\":\"This field is required\"},\"valid_phone_number\":{\"value\":false,\"global\":true,\"message\":\"Phone number is not valid\",\"global_message\":\"Phone number is not valid\"}}},\"debounce_time\":300};\n                            <\/script>\n            \n<h5 style=\"\">A Verdadeira Moqueca Capixaba!<\/h5>\n<p><span style=\"\"><img decoding=\"async\" alt=\"\" data-id=\"516\" width=\"330\" data-init-width=\"875\" height=\"231\" data-init-height=\"612\" title=\"julio-recortada\" src=\"https:\/\/papaguth.com.br\/wp-content\/uploads\/2024\/09\/julio-recortada.png\" data-width=\"330\" data-height=\"231\" style=\"aspect-ratio: auto 875 \/ 612;\" mt-d=\"0\" ml-d=\"0\" loading=\"lazy\"><\/span><\/p>\n<h2 style=\"color: var(--tcb-skin-color-2) !important; --tcb-applied-color: var$(--tcb-skin-color-2) !important; text-align: center;\">Descubra o Papaguth por dentro e por fora!<\/h2>\n<p style=\"text-align: center;\">Um passeio completo para voc\u00ea explorar cada detalhe do nosso restaurante antes de nos visitar.<\/p>\n<p><span><a href=\"https:\/\/papaguth.com.br\/en\/tour360\/\" target=\"_blank\"><img decoding=\"async\" alt=\"\" data-id=\"912\" width=\"249\" data-init-width=\"1031\" height=\"75\" data-init-height=\"310\" title=\"botao-tour\" loading=\"lazy\" src=\"https:\/\/papaguth.com.br\/wp-content\/uploads\/2025\/09\/botao-tour.png\" data-width=\"249\" data-height=\"75\" style=\"aspect-ratio: auto 1031 \/ 310;\" data-link-wrap=\"true\"><\/a><\/span><\/p>\n<h2 style=\"text-align: center;\">Uma Experi\u00eancia Gastron\u00f4mica Completa<\/h2>\n<h1 style=\"text-align: center; color: var(--tcb-skin-color-2) !important; --tcb-applied-color: var$(--tcb-skin-color-2) !important;\">Muito al\u00e9m de sabores! Descubra 8 raz\u00f5es para se apaixonar pelo Papaguth.<\/h1>\n<p><span style=\"\"><img decoding=\"async\" alt=\"\" data-id=\"692\" width=\"445\" data-init-width=\"1080\" height=\"557\" data-init-height=\"1350\" title=\"culinaria\" src=\"https:\/\/papaguth.com.br\/wp-content\/uploads\/2024\/09\/culinaria.jpg\" data-width=\"445\" data-height=\"557\" style=\"aspect-ratio: auto 1080 \/ 1350;\" mt-d=\"0\" ml-d=\"0\" center-v-d=\"false\" loading=\"lazy\"><\/span><\/p>\n<h6 style=\"\">Culin\u00e1ria Capixaba de Alta Qualidade<\/h6>\n<p style=\"color: var(--tcb-skin-color-2) !important; --tcb-applied-color: var$(--tcb-skin-color-2) !important;\">O Papaguth se destaca por sua culin\u00e1ria regional, com foco em frutos do mar e peixes frescos, preparados pelo Chef J\u00falio Lemos. Os pratos s\u00e3o verdadeiras iguarias, combinando sabor e sofistica\u00e7\u00e3o.<\/p>\n<h6 style=\"\">Ambiente Aconchegante e Confort\u00e1vel<\/h6>\n<p style=\"color: var(--tcb-skin-color-2) !important; --tcb-applied-color: var$(--tcb-skin-color-2) !important;\">O restaurante oferece um ambiente elegante e relaxante, com capacidade para 60 pessoas no interior climatizado e mais 30 pessoas no varand\u00e3o, com vista para a ba\u00eda de Vit\u00f3ria.&nbsp;<\/p>\n<p><span style=\"\"><img decoding=\"async\" alt=\"\" data-id=\"554\" width=\"603\" data-init-width=\"1200\" height=\"452\" data-init-height=\"900\" title=\"caption-4\" src=\"https:\/\/papaguth.com.br\/wp-content\/uploads\/2024\/09\/caption-4.jpg\" data-width=\"603\" data-height=\"452\" style=\"aspect-ratio: auto 1200 \/ 900;\" mt-d=\"0\" ml-d=\"-4.5\" loading=\"lazy\"><\/span><span style=\"\"><img decoding=\"async\" alt=\"\" data-id=\"691\" width=\"450\" data-init-width=\"1080\" height=\"563\" data-init-height=\"1350\" title=\"atendimento\" src=\"https:\/\/papaguth.com.br\/wp-content\/uploads\/2024\/09\/atendimento.jpg\" data-width=\"450\" data-height=\"563\" style=\"aspect-ratio: auto 1080 \/ 1350;\" mt-d=\"0\" ml-d=\"0\" center-v-d=\"false\" loading=\"lazy\"><\/span><\/p>\n<h6 style=\"\">Atendimento Personalizado e Atencioso<\/h6>\n<p style=\"color: var(--tcb-skin-color-2) !important; --tcb-applied-color: var$(--tcb-skin-color-2) !important;\">O Chef J\u00falio Lemos destaca a import\u00e2ncia do atendimento diferenciado para garantir a fidelidade dos clientes. A equipe do Papaguth se esfor\u00e7a para proporcionar uma experi\u00eancia \u00fanica a cada cliente, com pequenos gestos que os fazem se sentir em casa.<\/p>\n<p><span style=\"\"><img decoding=\"async\" alt=\"\" data-id=\"695\" width=\"442\" data-init-width=\"1080\" height=\"553\" data-init-height=\"1350\" title=\"vista\" src=\"https:\/\/papaguth.com.br\/wp-content\/uploads\/2024\/09\/vista-4.jpg\" data-width=\"442\" data-height=\"553\" style=\"aspect-ratio: auto 1080 \/ 1350;\" mt-d=\"0\" ml-d=\"0\" center-v-d=\"false\" loading=\"lazy\"><\/span><\/p>\n<h6 style=\"\">Localiza\u00e7\u00e3o Privilegiada com Vista Incr\u00edvel<\/h6>\n<p style=\"color: var(--tcb-skin-color-2) !important; --tcb-applied-color: var$(--tcb-skin-color-2) !important;\">O restaurante est\u00e1 estrategicamente localizado na entrada da ba\u00eda de Vit\u00f3ria, no Mirante da Pra\u00e7a do Papa, na Enseada do Su\u00e1, com vista para a Terceira Ponte e o p\u00f4r do sol.<\/p>\n<p><span style=\"\"><img decoding=\"async\" alt=\"\" data-id=\"693\" width=\"450\" data-init-width=\"1080\" height=\"563\" data-init-height=\"1350\" title=\"prato-boa-lembranca\" src=\"https:\/\/papaguth.com.br\/wp-content\/uploads\/2024\/09\/prato-boa-lembranca.jpg\" data-width=\"450\" data-height=\"563\" style=\"aspect-ratio: auto 1080 \/ 1350;\" mt-d=\"0\" ml-d=\"0\" center-v-d=\"false\" loading=\"lazy\"><\/span><\/p>\n<h6 style=\"\">Tradi\u00e7\u00e3o do Prato da Boa Lembran\u00e7a<\/h6>\n<p style=\"color: var(--tcb-skin-color-2) !important; --tcb-applied-color: var$(--tcb-skin-color-2) !important;\">O Papaguth faz parte da seleta Associa\u00e7\u00e3o da Boa Lembran\u00e7a, que re\u00fane os melhores chefs e restaurantes do Brasil. Cada restaurante presenteia o cliente com um prato em cer\u00e2mica, pintado com detalhes da iguaria, como lembran\u00e7a da experi\u00eancia gastron\u00f4mica.<\/p>\n<p><span style=\"\"><img decoding=\"async\" alt=\"\" data-id=\"446\" width=\"590\" data-init-width=\"925\" height=\"786\" data-init-height=\"1233\" title=\"PHOTO-2023-07-30-07-45-151\" src=\"https:\/\/papaguth.com.br\/wp-content\/uploads\/2024\/09\/PHOTO-2023-07-30-07-45-151.jpg\" data-width=\"590\" data-height=\"786\" style=\"aspect-ratio: auto 925 \/ 1233;\" mt-d=\"-182\" ml-d=\"-9\" center-v-d=\"false\" ml-m=\"0\" mt-m=\"-78.69900000000001\" ml-t=\"0\" mt-t=\"-17.925999999999988\" loading=\"lazy\"><\/span><\/p>\n<h6 style=\"\">Espa\u00e7o para Eventos<\/h6>\n<p style=\"color: var(--tcb-skin-color-2) !important; --tcb-applied-color: var$(--tcb-skin-color-2) !important;\">O Papaguth disponibiliza seu espa\u00e7o para eventos como festas, casamentos e eventos corporativos, com capacidade para at\u00e9 150 (um sal\u00e3o) ou 250 (uso de dois sal\u00f5es).<\/p>\n<p><span style=\"\"><img decoding=\"async\" alt=\"\" data-id=\"494\" width=\"707\" data-init-width=\"1200\" height=\"471\" data-init-height=\"800\" title=\"o-ambiente-perfeito-para\" src=\"https:\/\/papaguth.com.br\/wp-content\/uploads\/2024\/09\/o-ambiente-perfeito-para.jpg\" data-width=\"707\" data-height=\"471\" style=\"aspect-ratio: auto 1200 \/ 800;\" mt-d=\"0\" ml-d=\"-86\" center-v-d=\"false\" center-h-d=\"false\" loading=\"lazy\"><\/span><\/p>\n<h6 style=\"\">\u00c1rea de Lazer com Parquinho para Crian\u00e7as<\/h6>\n<p style=\"color: var(--tcb-skin-color-2) !important; --tcb-applied-color: var$(--tcb-skin-color-2) !important;\">Na \u00e1rea externa pr\u00f3xima ao restaurante Papaguth, quem vier com crian\u00e7as pode desfrutar de um lindo parquinho infantil, onde as crian\u00e7as se divertem enquanto os pais relaxam e fazem uma refei\u00e7\u00e3o. O espa\u00e7o \u00e9 seguro e garante entretenimento para os pequenos!<\/p>\n<p><span style=\"\"><img decoding=\"async\" alt=\"\" data-id=\"514\" width=\"445\" data-init-width=\"991\" height=\"557\" data-init-height=\"1238\" title=\"pet-1\" src=\"https:\/\/papaguth.com.br\/wp-content\/uploads\/2024\/09\/pet-1.jpg\" data-width=\"445\" data-height=\"557\" style=\"aspect-ratio: auto 991 \/ 1238;\" mt-d=\"0\" ml-d=\"0\" center-v-d=\"false\" loading=\"lazy\"><\/span><\/p>\n<h6 style=\"\">Pet Friendly<\/h6>\n<p style=\"color: var(--tcb-skin-color-2) !important; --tcb-applied-color: var$(--tcb-skin-color-2) !important;\">No Papaguth, acreditamos que nossos h\u00f3spedes de quatro patas tamb\u00e9m merecem um momento especial! Somos um restaurante pet friendly, permitindo que voc\u00ea traga seu amigo peludo para desfrutar de uma experi\u00eancia culin\u00e1ria ao seu lado. Aqui, seu pet \u00e9 muito bem-vindo!<\/p>\n<h2 style=\"text-align: center;\">NOSSO CHEF DE COZINHA<\/h2>\n<h1 style=\"text-align: center;\">Transformando Paix\u00e3o em Sabor: Conhe\u00e7a quem est\u00e1 por tr\u00e1s das saborosas maravilhas do Papaguth!<\/h1>\n<p><span style=\"\"><img decoding=\"async\" alt=\"\" data-id=\"329\" data-init-width=\"640\" data-init-height=\"415\" title=\"julio\" src=\"https:\/\/papaguth.com.br\/wp-content\/uploads\/2024\/09\/julio.png\" data-width=\"382\" data-height=\"248\" style=\"aspect-ratio: auto 640 \/ 415;\" mt-d=\"-46.17199999999991\" width=\"382\" height=\"248\" loading=\"lazy\"><\/span><span style=\"\"><img decoding=\"async\" alt=\"\" data-id=\"330\" data-init-width=\"1080\" data-init-height=\"1080\" title=\"julio\" src=\"https:\/\/papaguth.com.br\/wp-content\/uploads\/2024\/09\/julio.jpg\" data-width=\"382\" data-height=\"382\" style=\"aspect-ratio: auto 1080 \/ 1080;\" mt-d=\"-46.17199999999991\" width=\"382\" height=\"382\" loading=\"lazy\"><\/span><\/p>\n<p>\u00c0 frente do restaurante desde 1990, o mineiro J\u00falio sempre gostou de cozinhar para os amigos. Formado em Engenharia Mec\u00e2nica, \u00e1rea na qual atuou por quinze anos, viu o investimento na gastronomia como uma forma de ter uma resid\u00eancia fixa. &#8220;Quando atuava na engenharia sempre precisava mudar de cidade. Minha filha mais velha nasceu no Maranh\u00e3o e a mais nova no Par\u00e1. Apesar de nunca ter trabalhado nessa \u00e1rea antes, sa\u00ed de Bras\u00edlia, onde estava morando na \u00e9poca, com o objetivo de me estabelecer em Vit\u00f3ria. Queria sossego&#8221;, conta.A paix\u00e3o virou um neg\u00f3cio e o chef passou a fazer cursos na \u00e1rea para aperfei\u00e7oar sua habilidade com a culin\u00e1ria. Hoje, coordena uma equipe de mais de 15 pessoas, contando com o apoio de quatro cozinheiras.Quando o assunto \u00e9 o seu cliente, J\u00falio n\u00e3o esconde o segredo: qualidade e atendimento diferenciado \u00e9 o que garantem a fidelidade. &#8220;Meu cliente \u00e9 fiel e cada vez mais exigente. O atendimento especial a cada um deles \u00e9 essencial. Al\u00e9m disso, a qualidade dos produtos que compro, os cuidados na hora de armazenar e a aten\u00e7\u00e3o na execu\u00e7\u00e3o dos pratos tamb\u00e9m s\u00e3o de extrema import\u00e2ncia&#8221;, destaca.Para descansar, J\u00falio Lemos adora pescar. &#8220;Sempre que posso procuro ir pescar. Adoro ir ao Pantanal com os amigos&#8221;. Mas nem nos momentos de lazer a culin\u00e1ria fica de lado. J\u00falio gosta de fazer risoto de camar\u00e3o para comer acompanhado de um bom vinho.<\/p>\n<h2 style=\"\">Conhe\u00e7a a atmosfera e os sabores do nosso restaurante em um minuto!<\/h2>\n<p style=\"\">Conecte-se com a experi\u00eancia Papaguth por meio de um v\u00eddeo que captura a ess\u00eancia do nosso restaurante: a beleza da vista para a ba\u00eda de Vit\u00f3ria, o ambiente aconchegante, a culin\u00e1ria capixaba de alta qualidade e o atendimento atencioso.<\/p>\n<h4 style=\"\">ESPA\u00c7O DE EVENTOS PAPAGUTH<\/h4>\n<h1>Celebre momentos especiais com a vista mais bonita de Vit\u00f3ria!<\/h1>\n<h3 style=\"\">O Papaguth \u00e9 o lugar perfeito para realizar seu evento.<\/h3>\n<p style=\"\">O Papaguth oferece um espa\u00e7o \u00fanico para eventos como casamentos, anivers\u00e1rios, eventos corporativos e muito mais, com capacidade para at\u00e9 150 (um sal\u00e3o) ou 250 (uso de dois sal\u00f5es). Com \u00e1reas internas e externas, voc\u00ea e seus convidados podem desfrutar da vista espetacular para a ba\u00eda de Vit\u00f3ria, al\u00e9m de contar com servi\u00e7os como jantar, almo\u00e7o, coquetel e outros servi\u00e7os para agregar valor \u00e0 sua ocasi\u00e3o.&nbsp;<\/p>\n<h1 style=\"text-align: center;\">Mergulhe no nosso ambiente antes de chegar!&nbsp;<\/h1>\n<h2 style=\"text-align: center;\">Explore cada detalhe da nossa casa em 360\u00ba<\/h2>\n<p><span><img decoding=\"async\" alt=\"\" data-id=\"895\" width=\"183\" data-init-width=\"559\" height=\"220\" data-init-height=\"671\" title=\"papaguth-logotipo-360-sombra\" loading=\"lazy\" src=\"https:\/\/papaguth.com.br\/wp-content\/uploads\/2025\/09\/papaguth-logotipo-360-sombra.png\" data-width=\"183\" data-height=\"220\" style=\"aspect-ratio: auto 559 \/ 671;\"><\/span><\/p>\n<h3 style=\"text-align: center;\">Estamos esperando por voc\u00ea, venha nos visitar!<\/h3>\n<ul>\n<li><span>Hor\u00e1rio de Funcionamento: Seg. a Sex. &#8211; 11h30 \u00e0s 15h30 | S\u00e1b. e Dom &#8211; 11h30 \u00e0s 16h00<\/span><\/li>\n<li style=\"\"><span style=\"\">Av. Nossa Senhora dos Navegantes, 700Pra\u00e7a do Papa &#8211; Enseada do Su\u00e1Vit\u00f3ria &#8211; Esp\u00edrito Santo<\/span><\/li>\n<li style=\"\"><span style=\"\">contato@papaguth.com.br<\/span><\/li>\n<li style=\"\"><span style=\"\"><a href=\"https:\/\/api.whatsapp.com\/send?phone=552732255773&amp;text=Gostaria%20de%20realizar%20um%20pedido!\" target=\"_blank\" style=\"outline: none;\" data-tcb_hover_state_parent=\"\" rel=\"noopener\">+55 27 3225-5773<\/a><\/span><\/li>\n<\/ul>","protected":false},"excerpt":{"rendered":"<p>Sabores da Culin\u00e1ria Capixaba \u00e0 Beira-Mar Venha descobrir um espa\u00e7o onde a tradi\u00e7\u00e3o da culin\u00e1ria capixaba se encontra com a sofistica\u00e7\u00e3o e o requinte, servida com vista deslumbrante para a ba\u00eda de Vit\u00f3ria. PRESENTE ESPECIAL Aprenda passo a passo a fazer a sua pr\u00f3pria moqueca capixaba com nosso Master Chef J\u00falio Lemos! A Verdadeira Moqueca [&hellip;]<\/p>","protected":false},"author":1,"featured_media":0,"parent":0,"menu_order":0,"comment_status":"closed","ping_status":"closed","template":"","meta":{"_joinchat":[],"footnotes":""},"categories":[],"tags":[],"folder":[25],"class_list":["post-168","page","type-page","status-publish","hentry","post-wrapper","thrv_wrapper"],"_links":{"self":[{"href":"https:\/\/papaguth.com.br\/en\/wp-json\/wp\/v2\/pages\/168","targetHints":{"allow":["GET"]}}],"collection":[{"href":"https:\/\/papaguth.com.br\/en\/wp-json\/wp\/v2\/pages"}],"about":[{"href":"https:\/\/papaguth.com.br\/en\/wp-json\/wp\/v2\/types\/page"}],"author":[{"embeddable":true,"href":"https:\/\/papaguth.com.br\/en\/wp-json\/wp\/v2\/users\/1"}],"replies":[{"embeddable":true,"href":"https:\/\/papaguth.com.br\/en\/wp-json\/wp\/v2\/comments?post=168"}],"version-history":[{"count":46,"href":"https:\/\/papaguth.com.br\/en\/wp-json\/wp\/v2\/pages\/168\/revisions"}],"predecessor-version":[{"id":922,"href":"https:\/\/papaguth.com.br\/en\/wp-json\/wp\/v2\/pages\/168\/revisions\/922"}],"wp:attachment":[{"href":"https:\/\/papaguth.com.br\/en\/wp-json\/wp\/v2\/media?parent=168"}],"wp:term":[{"taxonomy":"category","embeddable":true,"href":"https:\/\/papaguth.com.br\/en\/wp-json\/wp\/v2\/categories?post=168"},{"taxonomy":"post_tag","embeddable":true,"href":"https:\/\/papaguth.com.br\/en\/wp-json\/wp\/v2\/tags?post=168"},{"taxonomy":"folder","embeddable":true,"href":"https:\/\/papaguth.com.br\/en\/wp-json\/wp\/v2\/folder?post=168"}],"curies":[{"name":"wp","href":"https:\/\/api.w.org\/{rel}","templated":true}]}}