{"id":169,"date":"2024-09-08T22:47:10","date_gmt":"2024-09-09T01:47:10","guid":{"rendered":"https:\/\/papaguth.com.br\/?page_id=169"},"modified":"2025-09-25T14:55:56","modified_gmt":"2025-09-25T17:55:56","slug":"cardapio","status":"publish","type":"page","link":"https:\/\/papaguth.com.br\/en\/cardapio\/","title":{"rendered":"CARD\u00c1PIO"},"content":{"rendered":"<h1 style=\"\">Uma Jornada Gastron\u00f4mica pela Culin\u00e1ria Capixaba: Explore Nosso Card\u00e1pio<\/h1>\n<p style=\"\">O Papaguth te convida a uma viagem pelos sabores da culin\u00e1ria capixaba com um card\u00e1pio que re\u00fane os melhores pratos da regi\u00e3o. Saboreie moquecas, bob\u00f3s, frutos do mar, peixes, e outras especialidades que celebram a riqueza da gastronomia local. Cada prato \u00e9 elaborado com ingredientes frescos e de alta qualidade, e preparado com o cuidado e a paix\u00e3o do Chef J\u00falio Lemos.<\/p>\n<h2 style=\"text-align: center;\">CARD\u00c1PIO<\/h2>\n<h1 style=\"text-align: center;\">Um menu de del\u00edcias!&nbsp;<\/h1>\n<h1 style=\"text-align: center;\">Conhe\u00e7a a culin\u00e1ria capixaba e se encante com uma explos\u00e3o de sabores!<\/h1>\n<p><span style=\"\"><img decoding=\"async\" alt=\"\" data-id=\"302\" width=\"358\" data-init-width=\"1080\" height=\"448\" data-init-height=\"1350\" title=\"pastel-recheado\" src=\"https:\/\/papaguth.com.br\/wp-content\/uploads\/2024\/09\/pastel-recheado.jpg\" data-width=\"358\" data-height=\"448\" style=\"aspect-ratio: auto 1080 \/ 1350;\" ml-d=\"0\" mt-d=\"-72.76299999999998\" center-v-d=\"false\" mt-m=\"-10.613\" ml-m=\"0\" mt-t=\"-61.28800000000001\" ml-t=\"0\" loading=\"lazy\"><\/span><span style=\"\"><img decoding=\"async\" alt=\"\" data-id=\"285\" width=\"407\" data-init-width=\"1200\" height=\"306\" data-init-height=\"900\" title=\"caption-2\" src=\"https:\/\/papaguth.com.br\/wp-content\/uploads\/2024\/09\/caption-2.jpg\" data-width=\"407\" data-height=\"306\" style=\"aspect-ratio: auto 1200 \/ 900;\" ml-m=\"-5.6370000000000005\" mt-m=\"0\" loading=\"lazy\"><\/span><\/p>\n<h2 style=\"text-align: center;\">PETISCOS<\/h2>\n<ul>\n<li dir=\"ltr\" style=\"color: var(--tcb-skin-color-2) !important; --tcb-applied-color: var$(--tcb-skin-color-2) !important;\">Camar\u00e3o Frito<\/li>\n<li dir=\"ltr\" style=\"color: var(--tcb-skin-color-2) !important; --tcb-applied-color: var$(--tcb-skin-color-2) !important;\">Isca de Peixe com molho t\u00e1rtaro<\/li>\n<li dir=\"ltr\" style=\"color: var(--tcb-skin-color-2) !important; --tcb-applied-color: var$(--tcb-skin-color-2) !important;\">Moquequinha de Sururu<\/li>\n<li dir=\"ltr\" style=\"color: var(--tcb-skin-color-2) !important; --tcb-applied-color: var$(--tcb-skin-color-2) !important;\">Frigideira de Siri<\/li>\n<li dir=\"ltr\" style=\"color: var(--tcb-skin-color-2) !important; --tcb-applied-color: var$(--tcb-skin-color-2) !important;\">Moquequinha de Siri<\/li>\n<li dir=\"ltr\" style=\"color: var(--tcb-skin-color-2) !important; --tcb-applied-color: var$(--tcb-skin-color-2) !important;\">Casquinha de Siri<\/li>\n<li dir=\"ltr\" style=\"color: var(--tcb-skin-color-2) !important; --tcb-applied-color: var$(--tcb-skin-color-2) !important;\">Bolinho de Bacalhau<\/li>\n<\/ul>\n<ul>\n<li dir=\"ltr\" style=\"\">Peixe com batatas fritas<\/li>\n<li dir=\"ltr\" style=\"\">Polvo Vinagrete<\/li>\n<li dir=\"ltr\" style=\"\">Lula \u00e0 Milanesa<\/li>\n<li dir=\"ltr\" style=\"\">Pastelzinho de Camar\u00e3o<\/li>\n<li dir=\"ltr\" style=\"\">Mexilh\u00e3o Mediterr\u00e2neo<\/li>\n<li dir=\"ltr\" style=\"\">Batatas Fritas<\/li>\n<li dir=\"ltr\" style=\"\">Polvo na Manteiga<\/li>\n<\/ul>\n<p><span style=\"\"><img decoding=\"async\" alt=\"\" data-id=\"275\" width=\"360\" data-init-width=\"960\" height=\"480\" data-init-height=\"1280\" title=\"papaguth-8\" src=\"https:\/\/papaguth.com.br\/wp-content\/uploads\/2024\/09\/papaguth-8.jpg\" data-width=\"360\" data-height=\"480\" style=\"aspect-ratio: auto 960 \/ 1280;\" ml-d=\"0\" mt-d=\"-72.76299999999998\" center-v-d=\"false\" mt-m=\"-10.613\" ml-m=\"0\" mt-t=\"-61.28800000000001\" ml-t=\"0\" loading=\"lazy\"><\/span><span style=\"\"><img decoding=\"async\" alt=\"\" data-id=\"295\" width=\"409\" data-init-width=\"480\" height=\"521\" data-init-height=\"611\" title=\"217305327_3916352888476863_6541594961121423074_n\" src=\"https:\/\/papaguth.com.br\/wp-content\/uploads\/2024\/09\/217305327_3916352888476863_6541594961121423074_n.jpg\" data-width=\"409\" data-height=\"521\" style=\"aspect-ratio: auto 480 \/ 611;\" ml-m=\"-5.6370000000000005\" mt-m=\"0\" loading=\"lazy\"><\/span><\/p>\n<h2 style=\"text-align: center;\">ENTRADAS<\/h2>\n<ul>\n<li dir=\"ltr\" style=\"color: var(--tcb-skin-color-2) !important; --tcb-applied-color: var$(--tcb-skin-color-2) !important;\">Maionese de Camar\u00e3o m\u00e9dio<\/li>\n<li dir=\"ltr\" style=\"color: var(--tcb-skin-color-2) !important; --tcb-applied-color: var$(--tcb-skin-color-2) !important;\">Maionese de Lagosta<\/li>\n<li dir=\"ltr\" style=\"color: var(--tcb-skin-color-2) !important; --tcb-applied-color: var$(--tcb-skin-color-2) !important;\">Salada mista<\/li>\n<\/ul>\n<ul>\n<li dir=\"ltr\" style=\"\">Salada de Palmito<\/li>\n<li dir=\"ltr\" style=\"\">Br\u00f3colis ao alho e \u00f3leo<\/li>\n<li dir=\"ltr\" style=\"\">Salada de Frutos do Mar<\/li>\n<li dir=\"ltr\" style=\"\">Salada Ceasar (individual)<\/li>\n<\/ul>\n<p><span style=\"\"><img decoding=\"async\" alt=\"\" data-id=\"301\" width=\"358\" data-init-width=\"1080\" height=\"447\" data-init-height=\"1346\" title=\"moquequinha-de-banana\" src=\"https:\/\/papaguth.com.br\/wp-content\/uploads\/2024\/09\/moquequinha-de-banana.jpg\" data-width=\"358\" data-height=\"447\" style=\"aspect-ratio: auto 1080 \/ 1346;\" ml-d=\"0\" mt-d=\"-72.76299999999998\" center-v-d=\"false\" mt-m=\"-10.613\" ml-m=\"0\" mt-t=\"-61.28800000000001\" ml-t=\"0\" loading=\"lazy\"><\/span><span style=\"\"><img decoding=\"async\" alt=\"\" data-id=\"298\" width=\"407\" data-init-width=\"799\" height=\"270\" data-init-height=\"530\" title=\"moqueca-capixaba\" src=\"https:\/\/papaguth.com.br\/wp-content\/uploads\/2024\/09\/moqueca-capixaba.jpg\" data-width=\"407\" data-height=\"270\" style=\"aspect-ratio: auto 799 \/ 530;\" ml-m=\"-5.6370000000000005\" mt-m=\"0\" loading=\"lazy\"><\/span><\/p>\n<h2 style=\"text-align: center;\">PEIXES<\/h2>\n<ul>\n<li dir=\"ltr\" style=\"color: var(--tcb-skin-color-2) !important; --tcb-applied-color: var$(--tcb-skin-color-2) !important;\">Moqueca de Peixe A moqueca \u00e9 cozida com coentro, tomate e cebola, guarnecida com arroz e pir\u00e3o.<\/li>\n<li dir=\"ltr\" style=\"color: var(--tcb-skin-color-2) !important; --tcb-applied-color: var$(--tcb-skin-color-2) !important;\">Moqueca de Peixe c\/ molho de Camar\u00e3o M\u00e9dio A moqueca \u00e9 cozida com coentro, tomate e cebola, camar\u00e3o m\u00e9dio guarnecida com arroz e pir\u00e3o.<\/li>\n<\/ul>\n<ul>\n<li dir=\"ltr\" style=\"\">Moqueca de Peixe c\/ molho de Camar\u00e3o VG A moqueca \u00e9 cozida com coentro, tomate e cebola, camar\u00e3o VG, guarnecida com arroz e pir\u00e3o.<\/li>\n<li dir=\"ltr\" style=\"\">Fil\u00e9 de peixe Grelhado &#8211; Til\u00e1pia Fil\u00e9 de peixe, arroz de br\u00f3colis, batatas saut\u00e9<\/li>\n<li dir=\"ltr\" style=\"\">Moqueca Mista Peixe, Lagosta, Camar\u00e3o VG<\/li>\n<li dir=\"ltr\" style=\"\">Moqueca de Banana da Terra Camar\u00e3o<\/li>\n<\/ul>\n<p><span style=\"\"><img decoding=\"async\" alt=\"\" data-id=\"278\" width=\"360\" data-init-width=\"1200\" height=\"360\" data-init-height=\"1200\" title=\"photo9jpg\" src=\"https:\/\/papaguth.com.br\/wp-content\/uploads\/2024\/09\/photo9jpg.jpg\" data-width=\"360\" data-height=\"360\" style=\"aspect-ratio: auto 1200 \/ 1200;\" ml-d=\"0\" mt-d=\"-72.76299999999998\" center-v-d=\"false\" mt-m=\"-10.613\" ml-m=\"0\" mt-t=\"-61.28800000000001\" ml-t=\"0\" loading=\"lazy\"><\/span><span style=\"\"><img decoding=\"async\" alt=\"\" data-id=\"300\" width=\"409\" data-init-width=\"1080\" height=\"409\" data-init-height=\"1080\" title=\"camarao\" src=\"https:\/\/papaguth.com.br\/wp-content\/uploads\/2024\/09\/camarao.jpg\" data-width=\"409\" data-height=\"409\" style=\"aspect-ratio: auto 1080 \/ 1080;\" ml-m=\"-5.6370000000000005\" mt-m=\"0\" loading=\"lazy\"><\/span><\/p>\n<h2 style=\"text-align: center;\">CAMAR\u00c3O<\/h2>\n<ul>\n<li dir=\"ltr\" style=\"color: var(--tcb-skin-color-2) !important; --tcb-applied-color: var$(--tcb-skin-color-2) !important;\">Camar\u00e3o VG ao Papaguth Camar\u00e3o VG cozido c\/ creme de aipim, requeij\u00e3o, milho verde, guarnecido com arroz.<\/li>\n<li dir=\"ltr\" style=\"color: var(--tcb-skin-color-2) !important; --tcb-applied-color: var$(--tcb-skin-color-2) !important;\">Camar\u00e3o M\u00e9dio ao Papaguth Camar\u00e3o m\u00e9dio cozido c\/ creme de aipim, requeij\u00e3o, milho verde, guarnecido com arroz.<\/li>\n<li dir=\"ltr\" style=\"color: var(--tcb-skin-color-2) !important; --tcb-applied-color: var$(--tcb-skin-color-2) !important;\">Moqueca de Camar\u00e3o VG Camar\u00e3o VG cozido com cebola, tomate e coentro, guarnecido c\/ arroz e pir\u00e3o.<\/li>\n<li dir=\"ltr\" style=\"color: var(--tcb-skin-color-2) !important; --tcb-applied-color: var$(--tcb-skin-color-2) !important;\">Moqueca de Camar\u00e3o M\u00e9dio Camar\u00e3o m\u00e9dio cozido com cebola, tomate e coentro, guarnecido c\/ arroz e pir\u00e3o.<\/li>\n<\/ul>\n<ul>\n<li dir=\"ltr\" style=\"\">Bob\u00f3 de Camar\u00e3\u00f5 VG Camar\u00e3o VG cozido com creme de aipim, guarnecido com arroz.<\/li>\n<li dir=\"ltr\" style=\"\">Bob\u00f3 de Camar\u00e3o M\u00e9dio Camar\u00e3o m\u00e9dio cozido com creme de aipim, guarnecido com arroz.<\/li>\n<li dir=\"ltr\" style=\"\">Camar\u00e3o VG Grelhado\/Milanesa Camar\u00e3o VG, grelhado na chapa c\/ manteiga, guarnecido c\/ arroz de br\u00f3colis.<\/li>\n<li dir=\"ltr\" style=\"\">Camar\u00e3o \u00e0 Bonelle Camar\u00e3o refogado na manteiga c\/ palmito e champignon, guarnecido c\/ arroz de br\u00f3colis.<\/li>\n<li dir=\"ltr\" style=\"\">Camar\u00e3o \u00e0 Sergio Brand\u00e3o Camar\u00e3o cozido c\/ pur\u00ea de aipim, requeij\u00e3o, palmito e champignon.<\/li>\n<li dir=\"ltr\" style=\"\">Arroz de Camar\u00e3o VG<\/li>\n<\/ul>\n<p><span style=\"\"><img decoding=\"async\" alt=\"\" data-id=\"277\" width=\"358\" data-init-width=\"1125\" height=\"478\" data-init-height=\"1500\" title=\"papaguth-10\" src=\"https:\/\/papaguth.com.br\/wp-content\/uploads\/2024\/09\/papaguth-10.jpg\" data-width=\"358\" data-height=\"478\" style=\"aspect-ratio: auto 1125 \/ 1500;\" ml-d=\"0\" mt-d=\"-72.76299999999998\" center-v-d=\"false\" mt-m=\"-10.613\" ml-m=\"0\" mt-t=\"-61.28800000000001\" ml-t=\"0\" loading=\"lazy\"><\/span><span style=\"\"><img decoding=\"async\" alt=\"\" data-id=\"245\" width=\"407\" data-init-width=\"1080\" height=\"580\" data-init-height=\"1537\" title=\"caption\" src=\"https:\/\/papaguth.com.br\/wp-content\/uploads\/2024\/09\/caption.jpg\" data-width=\"407\" data-height=\"580\" style=\"aspect-ratio: auto 1080 \/ 1537;\" ml-m=\"-5.6370000000000005\" mt-m=\"0\" loading=\"lazy\"><\/span><\/p>\n<h2 style=\"text-align: center;\">LAGOSTA<\/h2>\n<ul>\n<li dir=\"ltr\" style=\"color: var(--tcb-skin-color-2) !important; --tcb-applied-color: var$(--tcb-skin-color-2) !important;\">Lagosta ao Papaguth Lagosta cozida c\/ creme de aipim, requeij\u00e3o e milho verde, guarnecida c\/ arroz branco.<\/li>\n<li dir=\"ltr\" style=\"color: var(--tcb-skin-color-2) !important; --tcb-applied-color: var$(--tcb-skin-color-2) !important;\">Moqueca de Lagosta Lagosta cozida c\/ tomate, cebola e coentro, guarnecida c\/ arroz e pir\u00e3o.<\/li>\n<li dir=\"ltr\" style=\"color: var(--tcb-skin-color-2) !important; --tcb-applied-color: var$(--tcb-skin-color-2) !important;\">Lagosta \u00e0 Bonelle Lagosta refogada na manteiga c\/ palmito, champigon, guarnecida c\/ arroz de br\u00f3colis, pur\u00ea de aipim.<\/li>\n<\/ul>\n<ul>\n<li dir=\"ltr\" style=\"\">Lagosta \u00e0 Sergio Brand\u00e3o Lagosta cozida c\/ pur\u00ea de aipim, palmito, champignon e requeij\u00e3o, guarnecida c\/ arroz branco.<\/li>\n<li dir=\"ltr\" style=\"\">Lagosta Grelhada Lagosta grelhada c\/ arroz de br\u00f3colis.<\/li>\n<li dir=\"ltr\" style=\"\">Bob\u00f3 de Lagosta Lagosta cozida no creme de aipim, guarnecida c\/ arroz branco.<\/li>\n<li dir=\"ltr\" style=\"\">Arroz de Lagosta<\/li>\n<\/ul>\n<h2 style=\"text-align: center;\">SIRI<\/h2>\n<ul>\n<li dir=\"ltr\" style=\"color: var(--tcb-skin-color-2) !important; --tcb-applied-color: var$(--tcb-skin-color-2) !important;\">Moqueca de Siri Siri desfiado cozido c\/ tomate, cebola e coentro, guarnecido c\/ arroz e pir\u00e3o.<\/li>\n<\/ul>\n<p><span style=\"\"><img decoding=\"async\" alt=\"\" data-id=\"231\" width=\"358\" data-init-width=\"1100\" height=\"538\" data-init-height=\"1650\" title=\"a-torta-capixaba-e-uma\" src=\"https:\/\/papaguth.com.br\/wp-content\/uploads\/2024\/09\/a-torta-capixaba-e-uma.jpg\" data-width=\"358\" data-height=\"538\" style=\"aspect-ratio: auto 1100 \/ 1650;\" ml-d=\"0\" mt-d=\"-72.76299999999998\" center-v-d=\"false\" mt-m=\"-10.613\" ml-m=\"0\" mt-t=\"-61.28800000000001\" ml-t=\"0\" loading=\"lazy\"><\/span><span style=\"\"><img decoding=\"async\" alt=\"\" data-id=\"230\" width=\"407\" data-init-width=\"1200\" height=\"272\" data-init-height=\"800\" title=\"vem-experimentar-esse\" src=\"https:\/\/papaguth.com.br\/wp-content\/uploads\/2024\/09\/vem-experimentar-esse.jpg\" data-width=\"407\" data-height=\"272\" style=\"aspect-ratio: auto 1200 \/ 800;\" ml-m=\"-5.6370000000000005\" mt-m=\"0\" loading=\"lazy\"><\/span><\/p>\n<h2 style=\"text-align: center;\">SUGEST\u00d5ES<\/h2>\n<ul>\n<li dir=\"ltr\" style=\"color: var(--tcb-skin-color-2) !important; --tcb-applied-color: var$(--tcb-skin-color-2) !important;\">Arroz de Polvo Polvo em peda\u00e7os refogados com arroz, br\u00f3colis, cebola, tomate e coentro.<\/li>\n<li dir=\"ltr\" style=\"color: var(--tcb-skin-color-2) !important; --tcb-applied-color: var$(--tcb-skin-color-2) !important;\">Paella<\/li>\n<li dir=\"ltr\" style=\"color: var(--tcb-skin-color-2) !important; --tcb-applied-color: var$(--tcb-skin-color-2) !important;\">Arroz de Marisco Mariscos cozidos com arroz, br\u00f3colis, cebola, tomate e coentro.<\/li>\n<\/ul>\n<ul>\n<li dir=\"ltr\" style=\"\">Torta Capixaba Combina\u00e7\u00e3o de mariscos, peixes, bacalhau e palmito, assados ao forno, guarnecidos c\/ arroz branco.<\/li>\n<li dir=\"ltr\" style=\"\">Camar\u00e3o \u00e0 Senador Sergio de Castro Camar\u00e3o VG e Polvo refogados c\/ arroz e br\u00f3colis.<\/li>\n<\/ul>\n<p><span style=\"\"><img decoding=\"async\" alt=\"\" data-id=\"272\" width=\"374\" data-init-width=\"1200\" height=\"374\" data-init-height=\"1200\" title=\"photo8jpg\" src=\"https:\/\/papaguth.com.br\/wp-content\/uploads\/2024\/09\/photo8jpg.jpg\" data-width=\"374\" data-height=\"374\" style=\"aspect-ratio: auto 1200 \/ 1200;\" ml-d=\"-6.399999999999977\" mt-d=\"0\" center-v-d=\"false\" mt-m=\"-10.613\" ml-m=\"0\" mt-t=\"-61.28800000000001\" ml-t=\"0\" loading=\"lazy\"><\/span><span style=\"\"><img decoding=\"async\" alt=\"\" data-id=\"314\" width=\"409\" data-init-width=\"1080\" height=\"409\" data-init-height=\"1080\" title=\"peixe3\" src=\"https:\/\/papaguth.com.br\/wp-content\/uploads\/2024\/09\/peixe3.jpg\" data-width=\"409\" data-height=\"409\" style=\"aspect-ratio: auto 1080 \/ 1080;\" ml-m=\"-5.6370000000000005\" mt-m=\"0\" loading=\"lazy\"><\/span><\/p>\n<h2 style=\"text-align: center;\">SUGEST\u00d5ES ESPECIAIS<\/h2>\n<ul>\n<li dir=\"ltr\" style=\"color: var(--tcb-skin-color-2) !important; --tcb-applied-color: var$(--tcb-skin-color-2) !important;\">Til\u00e1pia ao Molho de Uva Filet de til\u00e1pia grelhado e cozido no molho de uva it\u00e1lia, guarnecido c\/ arroz de camar\u00e3o.<\/li>\n<li dir=\"ltr\" style=\"color: var(--tcb-skin-color-2) !important; --tcb-applied-color: var$(--tcb-skin-color-2) !important;\">Badejo Grelhado c\/ Molho de Alcaparras Badejo grelhado com alcaparras, guarnecido com arroz de br\u00f3colis.<\/li>\n<\/ul>\n<ul>\n<li dir=\"ltr\" style=\"\">Spaghetti com Frutos do Mar Massa italiana com camar\u00e3o, lula, mexilh\u00e3o e lagosta.<\/li>\n<li dir=\"ltr\" style=\"\">Salm\u00e3o Grelhado Salm\u00e3o grelhado c\/ cebola e arroz de camar\u00e3o.<\/li>\n<li dir=\"ltr\" style=\"\">Prato de Boa Lembran\u00e7a<\/li>\n<\/ul>\n<p><span style=\"\"><img decoding=\"async\" alt=\"\" data-id=\"318\" width=\"358\" data-init-width=\"1080\" height=\"448\" data-init-height=\"1350\" title=\"Petit-Gateau2\" src=\"https:\/\/papaguth.com.br\/wp-content\/uploads\/2024\/09\/Petit-Gateau2.jpg\" data-width=\"358\" data-height=\"448\" style=\"aspect-ratio: auto 1080 \/ 1350;\" ml-d=\"0\" mt-d=\"-72.76299999999998\" center-v-d=\"false\" mt-m=\"-10.613\" ml-m=\"0\" mt-t=\"-61.28800000000001\" ml-t=\"0\" loading=\"lazy\"><\/span><span style=\"\"><img decoding=\"async\" alt=\"\" data-id=\"274\" width=\"407\" data-init-width=\"1200\" height=\"407\" data-init-height=\"1200\" title=\"photo6jpg\" src=\"https:\/\/papaguth.com.br\/wp-content\/uploads\/2024\/09\/photo6jpg.jpg\" data-width=\"407\" data-height=\"407\" style=\"aspect-ratio: auto 1200 \/ 1200;\" ml-m=\"-5.6370000000000005\" mt-m=\"0\" loading=\"lazy\"><\/span><\/p>\n<h2 style=\"text-align: center;\">SOBREMESAS<\/h2>\n<ul>\n<li dir=\"ltr\" style=\"color: var(--tcb-skin-color-2) !important; --tcb-applied-color: var$(--tcb-skin-color-2) !important;\">Petit G\u00e2teau<\/li>\n<li dir=\"ltr\" style=\"color: var(--tcb-skin-color-2) !important; --tcb-applied-color: var$(--tcb-skin-color-2) !important;\">Creme de Papaya<\/li>\n<li dir=\"ltr\" style=\"color: var(--tcb-skin-color-2) !important; --tcb-applied-color: var$(--tcb-skin-color-2) !important;\">Frutas da \u00e9poca<\/li>\n<li dir=\"ltr\" style=\"color: var(--tcb-skin-color-2) !important; --tcb-applied-color: var$(--tcb-skin-color-2) !important;\">Sorvete c\/ morangos marinados no vinho tinto<\/li>\n<\/ul>\n<ul>\n<li dir=\"ltr\" style=\"\">Quindim<\/li>\n<li dir=\"ltr\" style=\"\">Tortas<\/li>\n<li dir=\"ltr\" style=\"\">Sorvetes<\/li>\n<li dir=\"ltr\" style=\"\">Caf\u00e9 Expresso<\/li>\n<\/ul>\n<p><span style=\"\"><img decoding=\"async\" alt=\"\" data-id=\"297\" width=\"360\" data-init-width=\"1080\" height=\"449\" data-init-height=\"1347\" title=\"spaghetti-de-frutos-do-mar\" src=\"https:\/\/papaguth.com.br\/wp-content\/uploads\/2024\/09\/spaghetti-de-frutos-do-mar.jpg\" data-width=\"360\" data-height=\"449\" style=\"aspect-ratio: auto 1080 \/ 1347;\" ml-d=\"0\" mt-d=\"-72.76299999999998\" center-v-d=\"false\" mt-m=\"-10.613\" ml-m=\"0\" mt-t=\"-61.28800000000001\" ml-t=\"0\" loading=\"lazy\"><\/span><span style=\"\"><img decoding=\"async\" alt=\"\" data-id=\"286\" width=\"409\" data-init-width=\"508\" height=\"409\" data-init-height=\"508\" title=\"7648370_w97jHgsWSiPmQpDFKqEiHUJ5wgecC5okYW3H5007cSY\" src=\"https:\/\/papaguth.com.br\/wp-content\/uploads\/2024\/09\/7648370_w97jHgsWSiPmQpDFKqEiHUJ5wgecC5okYW3H5007cSY.jpg\" data-width=\"409\" data-height=\"409\" style=\"aspect-ratio: auto 508 \/ 508;\" ml-m=\"-5.6370000000000005\" mt-m=\"0\" loading=\"lazy\"><\/span><\/p>\n<h2 style=\"text-align: center;\">ALTERNATIVA<\/h2>\n<ul>\n<li dir=\"ltr\" style=\"color: var(--tcb-skin-color-2) !important; --tcb-applied-color: var$(--tcb-skin-color-2) !important;\">Frango Grelhado Guarnecido com arroz e pur\u00ea de batata.<\/li>\n<li dir=\"ltr\" style=\"color: var(--tcb-skin-color-2) !important; --tcb-applied-color: var$(--tcb-skin-color-2) !important;\">Filet Mignon ao Molho Madeira Guarnecido com fritas e arroz branco.<\/li>\n<\/ul>\n<ul>\n<li dir=\"ltr\" style=\"\">Espaguetti ao Alho e \u00d3leo<\/li>\n<li dir=\"ltr\" style=\"\">Prato Infantil (Fil\u00e9, Frango ou Peixe) Guarnecido com arroz (batata frita, pur\u00ea ou espaguetti)<\/li>\n<\/ul>\n<p><span style=\"\"><img decoding=\"async\" alt=\"\" data-id=\"214\" width=\"358\" data-init-width=\"1100\" height=\"478\" data-init-height=\"1467\" title=\"o-restaurante-papaguth\" src=\"https:\/\/papaguth.com.br\/wp-content\/uploads\/2024\/09\/o-restaurante-papaguth.jpg\" data-width=\"358\" data-height=\"478\" style=\"aspect-ratio: auto 1100 \/ 1467;\" ml-d=\"0\" mt-d=\"-72.76299999999998\" center-v-d=\"false\" mt-m=\"-10.613\" ml-m=\"0\" mt-t=\"-61.28800000000001\" ml-t=\"0\" loading=\"lazy\"><\/span><span style=\"\"><img decoding=\"async\" alt=\"\" data-id=\"803\" width=\"407\" data-init-width=\"1080\" height=\"509\" data-init-height=\"1350\" title=\"corona\" src=\"https:\/\/papaguth.com.br\/wp-content\/uploads\/2024\/09\/corona.jpg\" data-width=\"407\" data-height=\"509\" style=\"aspect-ratio: auto 1080 \/ 1350;\" ml-m=\"-5.6370000000000005\" mt-m=\"0\" loading=\"lazy\"><\/span><\/p>\n<h2 style=\"text-align: center;\">BEBIDAS E DRINKS<\/h2>\n<ul>\n<li dir=\"ltr\" style=\"color: var(--tcb-skin-color-2) !important; --tcb-applied-color: var$(--tcb-skin-color-2) !important;\">Bebidas Nacionais\n<ul>\n<li dir=\"ltr\" style=\"color: var(--tcb-skin-color-2) !important; --tcb-applied-color: var$(--tcb-skin-color-2) !important;\">Cervejas<\/li>\n<li dir=\"ltr\" style=\"color: var(--tcb-skin-color-2) !important; --tcb-applied-color: var$(--tcb-skin-color-2) !important;\">Vodka<\/li>\n<\/ul>\n<\/li>\n<li dir=\"ltr\" style=\"color: var(--tcb-skin-color-2) !important; --tcb-applied-color: var$(--tcb-skin-color-2) !important;\">Bebidas Importadas\n<ul>\n<li dir=\"ltr\" style=\"color: var(--tcb-skin-color-2) !important; --tcb-applied-color: var$(--tcb-skin-color-2) !important;\">Wiskies<\/li>\n<li dir=\"ltr\" style=\"color: var(--tcb-skin-color-2) !important; --tcb-applied-color: var$(--tcb-skin-color-2) !important;\">Vodkas<\/li>\n<li dir=\"ltr\" style=\"color: var(--tcb-skin-color-2) !important; --tcb-applied-color: var$(--tcb-skin-color-2) !important;\">Dirversas<\/li>\n<li dir=\"ltr\" style=\"color: var(--tcb-skin-color-2) !important; --tcb-applied-color: var$(--tcb-skin-color-2) !important;\">Liqueurs<\/li>\n<\/ul>\n<\/li>\n<\/ul>\n<ul>\n<li dir=\"ltr\" style=\"\">Mixed Cocktails\n<ul>\n<li dir=\"ltr\" style=\"\">Kir Royal (Champagne e Cassis)<\/li>\n<li dir=\"ltr\" style=\"\">Margarita (Tequila, Cura\u00e7ao e Suco de Lim\u00e3o)<\/li>\n<li dir=\"ltr\" style=\"\">Aperol<\/li>\n<li dir=\"ltr\" style=\"\">Soda Italiana<\/li>\n<li dir=\"ltr\" style=\"\">Gin T\u00f4nica (importada)<\/li>\n<\/ul>\n<\/li>\n<li dir=\"ltr\" style=\"\">Conhe\u00e7a nossa Carta de Vinhos<\/li>\n<\/ul>\n<h1 style=\"\">Bateu aquela fome? Que tal fazer seu pedido agora?<\/h1>\n<p style=\"\">Pe\u00e7a de casa e venha buscar no restaurante para pegar!<\/p>\n<h2 style=\"color: var(--tcb-skin-color-2) !important; --tcb-applied-color: var$(--tcb-skin-color-2) !important; text-align: center;\">Descubra o Papaguth por dentro e por fora!<\/h2>\n<p style=\"text-align: center;\">Um passeio completo para voc\u00ea explorar cada detalhe do nosso restaurante antes de nos visitar.<\/p>\n<p><span><a href=\"https:\/\/papaguth.com.br\/en\/tour360\/\" target=\"_blank\"><img decoding=\"async\" alt=\"\" data-id=\"912\" width=\"259\" data-init-width=\"1031\" height=\"78\" data-init-height=\"310\" title=\"botao-tour\" loading=\"lazy\" src=\"https:\/\/papaguth.com.br\/wp-content\/uploads\/2025\/09\/botao-tour.png\" data-width=\"259\" data-height=\"78\" style=\"aspect-ratio: auto 1031 \/ 310;\" data-link-wrap=\"true\"><\/a><\/span><\/p>","protected":false},"excerpt":{"rendered":"<p>Uma Jornada Gastron\u00f4mica pela Culin\u00e1ria Capixaba: Explore Nosso Card\u00e1pio O Papaguth te convida a uma viagem pelos sabores da culin\u00e1ria capixaba com um card\u00e1pio que re\u00fane os melhores pratos da regi\u00e3o. Saboreie moquecas, bob\u00f3s, frutos do mar, peixes, e outras especialidades que celebram a riqueza da gastronomia local. Cada prato \u00e9 elaborado com ingredientes frescos [&hellip;]<\/p>","protected":false},"author":1,"featured_media":0,"parent":0,"menu_order":0,"comment_status":"closed","ping_status":"closed","template":"","meta":{"_joinchat":[],"footnotes":""},"categories":[],"tags":[],"folder":[25],"class_list":["post-169","page","type-page","status-publish","hentry","post-wrapper","thrv_wrapper"],"_links":{"self":[{"href":"https:\/\/papaguth.com.br\/en\/wp-json\/wp\/v2\/pages\/169","targetHints":{"allow":["GET"]}}],"collection":[{"href":"https:\/\/papaguth.com.br\/en\/wp-json\/wp\/v2\/pages"}],"about":[{"href":"https:\/\/papaguth.com.br\/en\/wp-json\/wp\/v2\/types\/page"}],"author":[{"embeddable":true,"href":"https:\/\/papaguth.com.br\/en\/wp-json\/wp\/v2\/users\/1"}],"replies":[{"embeddable":true,"href":"https:\/\/papaguth.com.br\/en\/wp-json\/wp\/v2\/comments?post=169"}],"version-history":[{"count":34,"href":"https:\/\/papaguth.com.br\/en\/wp-json\/wp\/v2\/pages\/169\/revisions"}],"predecessor-version":[{"id":918,"href":"https:\/\/papaguth.com.br\/en\/wp-json\/wp\/v2\/pages\/169\/revisions\/918"}],"wp:attachment":[{"href":"https:\/\/papaguth.com.br\/en\/wp-json\/wp\/v2\/media?parent=169"}],"wp:term":[{"taxonomy":"category","embeddable":true,"href":"https:\/\/papaguth.com.br\/en\/wp-json\/wp\/v2\/categories?post=169"},{"taxonomy":"post_tag","embeddable":true,"href":"https:\/\/papaguth.com.br\/en\/wp-json\/wp\/v2\/tags?post=169"},{"taxonomy":"folder","embeddable":true,"href":"https:\/\/papaguth.com.br\/en\/wp-json\/wp\/v2\/folder?post=169"}],"curies":[{"name":"wp","href":"https:\/\/api.w.org\/{rel}","templated":true}]}}