{"id":170,"date":"2024-09-08T22:47:17","date_gmt":"2024-09-09T01:47:17","guid":{"rendered":"https:\/\/papaguth.com.br\/?page_id=170"},"modified":"2025-09-25T15:03:56","modified_gmt":"2025-09-25T18:03:56","slug":"reservas-e-pedidos","status":"publish","type":"page","link":"https:\/\/papaguth.com.br\/en\/reservas-e-pedidos\/","title":{"rendered":"RESERVAS E PEDIDOS"},"content":{"rendered":"<h1 style=\"\">Experimente o Papaguth da sua maneira!<\/h1>\n<p style=\"\">De uma simples reuni\u00e3o com amigos a celebra\u00e7\u00f5es memor\u00e1veis, cada encontro \u00e9 uma oportunidade para desfrutar a vida e o sabor com aqueles que amamos.<\/p>\n<h2 style=\"text-align: center; color: var(--tcb-skin-color-0) !important; --tcb-applied-color: var$(--tcb-skin-color-0) !important;\">RESERVAS<\/h2>\n<h1 style=\"text-align: center;\"><strong>Garanta sua mesa com vista para a ba\u00eda! Aproveite tamb\u00e9m nosso sal\u00e3o aconchegante e climatizado.<\/strong><\/h1>\n<p style=\"text-align: center;\">Sua experi\u00eancia come\u00e7a aqui. Reserve sua mesa com anteced\u00eancia e aproveite o melhor da culin\u00e1ria capixaba em um ambiente \u00fanico.<\/p>\n<p dir=\"ltr\" style=\"text-align: center;\">Utilize o mapa de mesas abaixo para visualizar a disposi\u00e7\u00e3o das mesas e escolher a que melhor se adapta ao seu grupo.<\/p>\n<p><span><img decoding=\"async\" alt=\"\" data-id=\"524\" width=\"1080\" data-init-width=\"1740\" height=\"670\" data-init-height=\"1080\" title=\"planta-baixa\" src=\"https:\/\/papaguth.com.br\/wp-content\/uploads\/2024\/09\/planta-baixa.png\" data-width=\"1080\" data-height=\"670\" style=\"aspect-ratio: auto 1740 \/ 1080;\" data-link-wrap=\"true\" loading=\"lazy\"><\/span><\/p>\n<h5 style=\"\">Sal\u00e3o Climatizado<\/h5>\n<p style=\"\">Mesas para at\u00e9 4 pessoas (04, 05, 06, 07, 08, 09 e 10) e mesas para at\u00e9 6 pessoas (11, 12 e 13);<\/p>\n<h5 style=\"\">\u00c1rea Externa<\/h5>\n<p style=\"\">Mesas para at\u00e9 4 pessoas (100, 90, 80, 70, 60 e 50) e mesas para at\u00e9 6 pessoas (30 e 20);<\/p>\n<h5 style=\"\">Grandes Encontros<\/h5>\n<p style=\"\">Mesa circular para at\u00e9 10 pessoas (01) e para at\u00e9 4 pessoas (02 e 03)&nbsp;&nbsp;<\/p>\n<h1 style=\"text-align: center;\">Fa\u00e7a um Tour 360\u00ba pelo Papaguth!<\/h1>\n<p style=\"text-align: center;\">Descubra cada detalhe do nosso espa\u00e7o \u00e0 beira-mar sem sair de casa. Navegue pelo restaurante em uma experi\u00eancia imersiva e sinta a atmosfera \u00fanica da nossa cozinha capixaba antes mesmo de nos visitar.<\/p>\n<p><span><a href=\"https:\/\/papaguth.com.br\/en\/tour360\/\" target=\"_blank\"><img decoding=\"async\" alt=\"\" data-id=\"912\" width=\"259\" data-init-width=\"1031\" height=\"78\" data-init-height=\"310\" title=\"botao-tour\" loading=\"lazy\" src=\"https:\/\/papaguth.com.br\/wp-content\/uploads\/2025\/09\/botao-tour.png\" data-width=\"259\" data-height=\"78\" style=\"aspect-ratio: auto 1031 \/ 310;\" data-link-wrap=\"true\"><\/a><\/span><\/p>\n<h2 style=\"\">Estamos te aguardando!<\/h2>\n<p style=\"\">Preencha o formul\u00e1rio e confirme sua reserva!<\/p>\n<div class='fluentform ff-default fluentform_wrapper_4 ffs_default_wrap'><form data-form_id=\"4\" id=\"fluentform_4\" class=\"frm-fluent-form fluent_form_4 ff-el-form-top ff_form_instance_4_1 ff-form-loading ffs_default\" data-form_instance=\"ff_form_instance_4_1\" method=\"POST\" action=\"\" ><fieldset  style=\"border: none!important;margin: 0!important;padding: 0!important;background-color: transparent!important;box-shadow: none!important;outline: none!important; min-inline-size: 100%;\">\n                    <legend class=\"ff_screen_reader_title\" style=\"display: block; margin: 0!important;padding: 0!important;height: 0!important;text-indent: -999999px;width: 0!important;overflow:hidden;\">Reservas<\/legend><input type='hidden' name='__fluent_form_embded_post_id' value='170' \/><input type=\"hidden\" id=\"_fluentform_4_fluentformnonce\" name=\"_fluentform_4_fluentformnonce\" value=\"01b3091ff8\" \/><input type=\"hidden\" name=\"_wp_http_referer\" value=\"\/en\/wp-json\/wp\/v2\/pages\/170\" \/><div data-type=\"name-element\" data-name=\"names\" class=\"ff-field_container ff-name-field-wrapper\" ><div class='ff-t-container'><div class='ff-t-cell'><div class='ff-el-group ff-el-form-top'><div class=\"ff-el-input--label ff-el-is-required asterisk-right\"><label for='ff_4_names_first_name_' id='label_ff_4_names_first_name_' >Nome<\/label><\/div><div class='ff-el-input--content'><input type=\"text\" name=\"names[first_name]\" id=\"ff_4_names_first_name_\" class=\"ff-el-form-control\" aria-invalid=\"false\" aria-required=\"true\"><\/div><\/div><\/div><div class='ff-t-cell'><div class='ff-el-group ff-el-form-top'><div class=\"ff-el-input--label ff-el-is-required asterisk-right\"><label for='ff_4_names_last_name_' id='label_ff_4_names_last_name_' >Sobrenome<\/label><\/div><div class='ff-el-input--content'><input type=\"text\" name=\"names[last_name]\" id=\"ff_4_names_last_name_\" class=\"ff-el-form-control\" aria-invalid=\"false\" aria-required=\"true\"><\/div><\/div><\/div><\/div><\/div><div data-name=\"ff_cn_id_1\"  class='ff-t-container ff-column-container ff_columns_total_2'><div class='ff-t-cell ff-t-column-1' style='flex-basis: 50%;'><div class='ff-el-group'><div class=\"ff-el-input--label ff-el-is-required asterisk-right\"><label for='ff_4_email' id='label_ff_4_email' aria-label=\"Email\">Email<\/label><\/div><div class='ff-el-input--content'><input type=\"email\" name=\"email\" id=\"ff_4_email\" class=\"ff-el-form-control\" data-name=\"email\"  aria-invalid=\"false\" aria-required=\"true\"><\/div><\/div><\/div><div class='ff-t-cell ff-t-column-2' style='flex-basis: 50%;'><div class='ff-el-group'><div class=\"ff-el-input--label asterisk-right\"><label for='ff_4_phone' id='label_ff_4_phone' aria-label=\"Celular\">Celular<\/label><\/div><div class='ff-el-input--content'><input name=\"phone\" class=\"ff-el-form-control ff-el-phone\" type=\"tel\" data-name=\"phone\" id=\"ff_4_phone\" inputmode=\"tel\"  aria-invalid='false' aria-required=\"false\"><\/div><\/div><\/div><\/div><div data-name=\"ff_cn_id_2\"  class='ff-t-container ff-column-container ff_columns_total_2'><div class='ff-t-cell ff-t-column-1' style='flex-basis: 50%;'><div class='ff-el-group'><div class=\"ff-el-input--label asterisk-right\"><label for='ff_4_numeric_field' id='label_ff_4_numeric_field' aria-label=\"N\u00famero de Pessoas\">N\u00famero de Pessoas<\/label><\/div><div class='ff-el-input--content'><input type=\"number\" name=\"numeric_field\" id=\"ff_4_numeric_field\" class=\"ff-el-form-control\" data-name=\"numeric_field\" inputmode=\"numeric\" step=\"any\"  aria-invalid=\"false\" aria-required=\"false\"><\/div><\/div><\/div><div class='ff-t-cell ff-t-column-2' style='flex-basis: 50%;'><div class='ff-el-group'><div class=\"ff-el-input--label asterisk-right\"><label for='ff_4_datetime' id='label_ff_4_datetime' aria-label=\"Dia e hora prevista para chegada\">Dia e hora prevista para chegada<\/label><\/div><div class='ff-el-input--content'><input  aria-label='Dia e hora prevista para chegada Use arrow keys to navigate dates. Press enter to select a date.'  aria-haspopup='dialog' data-type-datepicker data-format='d\/m\/Y H:i' type=\"text\" name=\"datetime\" id=\"ff_4_datetime\" class=\"ff-el-form-control ff-el-datepicker\" data-name=\"datetime\"  aria-invalid='false' aria-required=\"false\"><\/div><\/div><\/div><\/div><div data-name=\"ff_cn_id_3\"  class='ff-t-container ff-column-container ff_columns_total_2'><div class='ff-t-cell ff-t-column-1' style='flex-basis: 50%;'><div class='ff-el-group'><div class=\"ff-el-input--label asterisk-right\"><label for='ff_4_input_text' id='label_ff_4_input_text' aria-label=\"Objetivo da Reserva (reuni\u00e3o, anivers\u00e1rio, encontro, etc..)\">Objetivo da Reserva (reuni\u00e3o, anivers\u00e1rio, encontro, etc..)<\/label><\/div><div class='ff-el-input--content'><input type=\"text\" name=\"input_text\" class=\"ff-el-form-control\" data-name=\"input_text\" id=\"ff_4_input_text\"  aria-invalid=\"false\" aria-required=\"false\"><\/div><\/div><\/div><div class='ff-t-cell ff-t-column-2' style='flex-basis: 50%;'><div class='ff-el-group'><div class=\"ff-el-input--label asterisk-right\"><label for='ff_4_input_text_1' id='label_ff_4_input_text_1' aria-label=\"De acordo com o mapa de mesas, qual mesas pretende reservar?\">De acordo com o mapa de mesas, qual mesas pretende reservar?<\/label><\/div><div class='ff-el-input--content'><input type=\"text\" name=\"input_text_1\" class=\"ff-el-form-control\" data-name=\"input_text_1\" id=\"ff_4_input_text_1\"  aria-invalid=\"false\" aria-required=\"false\"><\/div><\/div><\/div><\/div><div class='ff-el-group'><div class=\"ff-el-input--label asterisk-right\"><label for='ff_4_description' id='label_ff_4_description' aria-label=\"Deixe aqui outras informa\u00e7\u00f5es que sejam importantes para prepararmos o ambiente perfeito para voc\u00ea!\">Deixe aqui outras informa\u00e7\u00f5es que sejam importantes para prepararmos o ambiente perfeito para voc\u00ea!<\/label><\/div><div class='ff-el-input--content'><textarea aria-required=\"false\" aria-labelledby=\"label_ff_4_description\" name=\"description\" id=\"ff_4_description\" class=\"ff-el-form-control\" rows=\"3\" cols=\"2\" data-name=\"description\" ><\/textarea><\/div><\/div><div class='ff-el-group ff-text-center ff_submit_btn_wrapper'><button type=\"submit\" class=\"ff-btn ff-btn-submit ff-btn-md ff_btn_style wpf_has_custom_css\"  aria-label=\"Enviar Pedido!\">Enviar Pedido!<\/button><\/div><\/fieldset><input type=\"hidden\" name=\"trp-form-language\" value=\"en\"\/><\/form><div id='fluentform_4_errors' class='ff-errors-in-stack ff_form_instance_4_1 ff-form-loading_errors ff_form_instance_4_1_errors'><\/div><\/div>            <script type=\"text\/javascript\">\n                window.fluent_form_ff_form_instance_4_1 = {\"id\":\"4\",\"settings\":{\"layout\":{\"labelPlacement\":\"top\",\"helpMessagePlacement\":\"with_label\",\"errorMessagePlacement\":\"inline\",\"cssClassName\":\"\",\"asteriskPlacement\":\"asterisk-right\"},\"restrictions\":{\"denyEmptySubmission\":{\"enabled\":false}}},\"form_instance\":\"ff_form_instance_4_1\",\"form_id_selector\":\"fluentform_4\",\"rules\":{\"names[first_name]\":{\"required\":{\"value\":true,\"message\":\"This field is required\",\"global_message\":\"This field is required\",\"global\":true}},\"names[middle_name]\":{\"required\":{\"value\":false,\"message\":\"This field is required\",\"global_message\":\"This field is required\",\"global\":true}},\"names[last_name]\":{\"required\":{\"value\":true,\"message\":\"This field is required\",\"global_message\":\"This field is required\",\"global\":true}},\"email\":{\"required\":{\"value\":true,\"message\":\"This field is required\",\"global_message\":\"This field is required\",\"global\":true},\"email\":{\"value\":true,\"message\":\"This field must contain a valid email\",\"global_message\":\"This field must contain a valid email\",\"global\":true}},\"phone\":{\"required\":{\"value\":false,\"global\":true,\"message\":\"This field is required\",\"global_message\":\"This field is required\"},\"valid_phone_number\":{\"value\":false,\"global\":true,\"message\":\"Phone number is not valid\",\"global_message\":\"Phone number is not valid\"}},\"numeric_field\":{\"required\":{\"value\":false,\"message\":\"This field is required\",\"global_message\":\"This field is required\",\"global\":true},\"numeric\":{\"value\":true,\"message\":\"This field must contain numeric value\",\"global_message\":\"This field must contain numeric value\",\"global\":true},\"min\":{\"value\":\"\",\"message\":\"Validation fails for minimum value\",\"global_message\":\"Validation fails for minimum value\",\"global\":true},\"max\":{\"value\":\"\",\"message\":\"Validation fails for maximum value\",\"global_message\":\"Validation fails for maximum value\",\"global\":true},\"digits\":{\"value\":\"\",\"message\":\"Validation fails for limited digits\",\"global_message\":\"Validation fails for limited digits\",\"global\":true}},\"datetime\":{\"required\":{\"value\":false,\"message\":\"This field is required\",\"global_message\":\"This field is required\",\"global\":true}},\"input_text\":{\"required\":{\"value\":false,\"message\":\"This field is required\",\"global_message\":\"This field is required\",\"global\":true}},\"input_text_1\":{\"required\":{\"value\":false,\"message\":\"This field is required\",\"global_message\":\"This field is required\",\"global\":true}},\"description\":{\"required\":{\"value\":false,\"message\":\"This field is required\",\"global_message\":\"This field is required\",\"global\":true}}},\"debounce_time\":300};\n                            <\/script>\n            \n<h2 style=\"text-align: center;\">PEDIDOS PARA VIAGEM<\/h2>\n<h1 style=\"text-align: center;\">Sem tempo para esperar? Fa\u00e7a seu pedido pelo telefone e retire no restaurante.<\/h1>\n<p style=\"text-align: center;\">Veja abaixo os 3 passos simples para voc\u00ea levar mais sabor para sua casa!<\/p>\n<p style=\"\">1.<\/p>\n<p style=\"\">Acesse o nosso card\u00e1pio online e selecione seus pratos favoritos!<\/p>\n<p style=\"\">2.<\/p>\n<p style=\"\">Ligue e fa\u00e7a seu pedido por telefone, informe o hor\u00e1rio da retirada.<\/p>\n<p style=\"\">3.<\/p>\n<p style=\"\">Aguarde em m\u00e9dia 40 minutos e pode vir buscar seu pedido no restaurante!<\/p>","protected":false},"excerpt":{"rendered":"<p>Experimente o Papaguth da sua maneira! De uma simples reuni\u00e3o com amigos a celebra\u00e7\u00f5es memor\u00e1veis, cada encontro \u00e9 uma oportunidade para desfrutar a vida e o sabor com aqueles que amamos. RESERVAS Garanta sua mesa com vista para a ba\u00eda! Aproveite tamb\u00e9m nosso sal\u00e3o aconchegante e climatizado. Sua experi\u00eancia come\u00e7a aqui. Reserve sua mesa com [&hellip;]<\/p>","protected":false},"author":1,"featured_media":0,"parent":0,"menu_order":0,"comment_status":"closed","ping_status":"closed","template":"","meta":{"_joinchat":[],"footnotes":""},"categories":[],"tags":[],"folder":[25],"class_list":["post-170","page","type-page","status-publish","hentry","post-wrapper","thrv_wrapper"],"_links":{"self":[{"href":"https:\/\/papaguth.com.br\/en\/wp-json\/wp\/v2\/pages\/170","targetHints":{"allow":["GET"]}}],"collection":[{"href":"https:\/\/papaguth.com.br\/en\/wp-json\/wp\/v2\/pages"}],"about":[{"href":"https:\/\/papaguth.com.br\/en\/wp-json\/wp\/v2\/types\/page"}],"author":[{"embeddable":true,"href":"https:\/\/papaguth.com.br\/en\/wp-json\/wp\/v2\/users\/1"}],"replies":[{"embeddable":true,"href":"https:\/\/papaguth.com.br\/en\/wp-json\/wp\/v2\/comments?post=170"}],"version-history":[{"count":31,"href":"https:\/\/papaguth.com.br\/en\/wp-json\/wp\/v2\/pages\/170\/revisions"}],"predecessor-version":[{"id":930,"href":"https:\/\/papaguth.com.br\/en\/wp-json\/wp\/v2\/pages\/170\/revisions\/930"}],"wp:attachment":[{"href":"https:\/\/papaguth.com.br\/en\/wp-json\/wp\/v2\/media?parent=170"}],"wp:term":[{"taxonomy":"category","embeddable":true,"href":"https:\/\/papaguth.com.br\/en\/wp-json\/wp\/v2\/categories?post=170"},{"taxonomy":"post_tag","embeddable":true,"href":"https:\/\/papaguth.com.br\/en\/wp-json\/wp\/v2\/tags?post=170"},{"taxonomy":"folder","embeddable":true,"href":"https:\/\/papaguth.com.br\/en\/wp-json\/wp\/v2\/folder?post=170"}],"curies":[{"name":"wp","href":"https:\/\/api.w.org\/{rel}","templated":true}]}}