{"id":173,"date":"2024-09-08T22:47:49","date_gmt":"2024-09-09T01:47:49","guid":{"rendered":"https:\/\/papaguth.com.br\/?page_id=173"},"modified":"2025-09-25T14:59:51","modified_gmt":"2025-09-25T17:59:51","slug":"prato-boa-lembranca-2","status":"publish","type":"page","link":"https:\/\/papaguth.com.br\/en\/prato-boa-lembranca-2\/","title":{"rendered":"PRATO DA BOA LEMBRAN\u00c7A"},"content":{"rendered":"<h1 style=\"\">Uma Tradi\u00e7\u00e3o Deliciosa: O Prato da Boa Lembran\u00e7a<\/h1>\n<p style=\"\">O Papaguth faz parte da seleta Associa\u00e7\u00e3o da Boa Lembran\u00e7a, que re\u00fane os melhores chefs e restaurantes do Brasil. Cada um deles, como forma de transformar um item do card\u00e1pio em algo inesquec\u00edvel, presenteia o cliente com um prato em cer\u00e2mica pintada em detalhes da iguaria.<\/p>\n<p style=\"\">Camar\u00e3o DO SENADOR<\/p>\n<p style=\"\">Chef J\u00falio Lemos<\/p>\n<p style=\"\">Camar\u00e3o VG e Polvo refogados c\/ arroz e br\u00f3colis.<\/p>\n<h2 style=\"text-align: center;\">AQUI TEM BOA LEMBRA\u00c7A<\/h2>\n<h1 style=\"text-align: center;\">Compromisso de ser um dos 100 restaurantes do Brasil que tem a chancela do &#8220;Prato da Boa Lembran\u00e7a&#8221;!<\/h1>\n<p style=\"text-align: center;\">Essa cer\u00e2mica exclusiva \u00e9 mais do que um simples prato, \u00e9 um s\u00edmbolo que representa uma experi\u00eancia gastron\u00f4mica \u00fanica! E a hist\u00f3ria por tr\u00e1s de cada receita \u00e9 fascinante.<\/p>\n<h4 style=\"\" data-hide=\"true\">SEMPRE UMA NOVA RECEITA<\/h4>\n<p style=\"\">A cada ano o Chef J\u00falio tr\u00e1s uma nova cria\u00e7\u00e3o para ser degustada e apresentada como Prato da Boa Lembran\u00e7a.<\/p>\n<h4 data-hide=\"true\" style=\"\">CUIDADO E CARINHO EM CADA DETALHE<\/h4>\n<p style=\"line-height: 1.75em !important;\">A cer\u00e2mica \u00e9 feita de forma artesanal, pintada \u00e0 m\u00e3o, com um design personalizado alusivo a receita de cada prato.&nbsp;<\/p>\n<h4 data-hide=\"true\" style=\"\">O QUE VOC\u00ca V\u00ca \u00c9 O QUE VOC\u00ca COME<\/h4>\n<p style=\"line-height: 1.75em !important;\">No Papaguth a gente entrega o melhor, pratos deliciosos com uma bela apresenta\u00e7\u00e3o e alimentos selecionados.<\/p>\n<h2 style=\"text-align: center;\">Veja o hist\u00f3rico dos Prato da Boa Lembran\u00e7a!<\/h2>\n<p><span><img decoding=\"async\" alt=\"\" data-id=\"732\" width=\"219\" data-init-width=\"300\" height=\"219\" data-init-height=\"300\" title=\"2024\" src=\"https:\/\/papaguth.com.br\/wp-content\/uploads\/2024\/09\/2024-1.png\" data-width=\"219\" data-height=\"219\" style=\"aspect-ratio: auto 300 \/ 300;\" loading=\"lazy\"><\/span><\/p>\n<h2 style=\"text-align: center;\">Camar\u00e3o do Senador<\/h2>\n<h3 style=\"text-align: center;\">2024<\/h3>\n<p><span><img decoding=\"async\" alt=\"\" data-id=\"731\" width=\"219\" data-init-width=\"300\" height=\"219\" data-init-height=\"300\" title=\"2023\" src=\"https:\/\/papaguth.com.br\/wp-content\/uploads\/2024\/09\/2023.png\" data-width=\"219\" data-height=\"219\" style=\"aspect-ratio: auto 300 \/ 300;\" loading=\"lazy\"><\/span><\/p>\n<h2 style=\"text-align: center;\">Camar\u00e3o, Mar e Montanha<\/h2>\n<h3 style=\"text-align: center;\">2023<\/h3>\n<p><span><img decoding=\"async\" alt=\"\" data-id=\"730\" width=\"219\" data-init-width=\"301\" height=\"218\" data-init-height=\"300\" title=\"2022\" src=\"https:\/\/papaguth.com.br\/wp-content\/uploads\/2024\/09\/2022.png\" data-width=\"219\" data-height=\"218\" style=\"aspect-ratio: auto 301 \/ 300;\" loading=\"lazy\"><\/span><\/p>\n<h2 style=\"text-align: center;\">Vieiras ao Vinho com Spaguetti<\/h2>\n<h3 style=\"text-align: center;\">2022<\/h3>\n<p><span><img decoding=\"async\" alt=\"\" data-id=\"729\" width=\"219\" data-init-width=\"300\" height=\"219\" data-init-height=\"300\" title=\"2021\" src=\"https:\/\/papaguth.com.br\/wp-content\/uploads\/2024\/09\/2021.png\" data-width=\"219\" data-height=\"219\" style=\"aspect-ratio: auto 300 \/ 300;\" loading=\"lazy\"><\/span><\/p>\n<h2 style=\"text-align: center;\">SPAGUETTI MOLHO NOSSO<\/h2>\n<h3 style=\"text-align: center;\">2021<\/h3>\n<p><span><img decoding=\"async\" alt=\"\" data-id=\"728\" width=\"219\" data-init-width=\"293\" height=\"219\" data-init-height=\"300\" title=\"2020\" src=\"https:\/\/papaguth.com.br\/wp-content\/uploads\/2024\/09\/2020.png\" data-width=\"219\" data-height=\"219\" style=\"aspect-ratio: auto 293 \/ 300;\" loading=\"lazy\"><\/span><\/p>\n<h2 style=\"text-align: center;\">CAMAR\u00c3O MAR E TERRA<\/h2>\n<h3 style=\"text-align: center;\">2020<\/h3>\n<p><span><img decoding=\"async\" alt=\"\" data-id=\"727\" width=\"219\" data-init-width=\"291\" height=\"226\" data-init-height=\"300\" title=\"2019\" src=\"https:\/\/papaguth.com.br\/wp-content\/uploads\/2024\/09\/2019.png\" data-width=\"219\" data-height=\"226\" style=\"aspect-ratio: auto 291 \/ 300;\" loading=\"lazy\"><\/span><\/p>\n<h2 style=\"text-align: center;\">MAR NEGRO<\/h2>\n<h3 style=\"text-align: center;\">2019<\/h3>\n<p><span><img decoding=\"async\" alt=\"\" data-id=\"726\" width=\"219\" data-init-width=\"300\" height=\"219\" data-init-height=\"300\" title=\"2018\" src=\"https:\/\/papaguth.com.br\/wp-content\/uploads\/2024\/09\/2018.png\" data-width=\"219\" data-height=\"219\" style=\"aspect-ratio: auto 300 \/ 300;\" loading=\"lazy\"><\/span><\/p>\n<h2 style=\"text-align: center;\">CAMAR\u00c3O XIRIMPCRIM DA VOV\u00d3<\/h2>\n<h3 style=\"text-align: center;\">2018<\/h3>\n<p><span><img decoding=\"async\" alt=\"\" data-id=\"733\" width=\"219\" data-init-width=\"276\" height=\"238\" data-init-height=\"300\" title=\"2017\" src=\"https:\/\/papaguth.com.br\/wp-content\/uploads\/2024\/09\/2017.png\" data-width=\"219\" data-height=\"238\" style=\"aspect-ratio: auto 276 \/ 300;\" loading=\"lazy\"><\/span><\/p>\n<h2 style=\"text-align: center;\">ARROZ ENCANTADO<\/h2>\n<h3 style=\"text-align: center;\">2017<\/h3>\n<p><span><img decoding=\"async\" alt=\"\" data-id=\"725\" width=\"219\" data-init-width=\"302\" height=\"219\" data-init-height=\"300\" title=\"2016\" src=\"https:\/\/papaguth.com.br\/wp-content\/uploads\/2024\/09\/2016.png\" data-width=\"219\" data-height=\"219\" style=\"aspect-ratio: auto 302 \/ 300;\" loading=\"lazy\"><\/span><\/p>\n<h2 style=\"text-align: center;\">TORTINHA CAPIXABA<\/h2>\n<h3 style=\"text-align: center;\">2016<\/h3>\n<p><span><img decoding=\"async\" alt=\"\" data-id=\"724\" width=\"219\" data-init-width=\"304\" height=\"219\" data-init-height=\"300\" title=\"2015\" src=\"https:\/\/papaguth.com.br\/wp-content\/uploads\/2024\/09\/2015.png\" data-width=\"219\" data-height=\"219\" style=\"aspect-ratio: auto 304 \/ 300;\" loading=\"lazy\"><\/span><\/p>\n<h2 style=\"text-align: center;\">POLVO PROTETOR DOS CAMAR\u00d5ES<\/h2>\n<h3 style=\"text-align: center;\">2015<\/h3>\n<p><span><img decoding=\"async\" alt=\"\" data-id=\"723\" width=\"219\" data-init-width=\"300\" height=\"219\" data-init-height=\"300\" title=\"2014\" src=\"https:\/\/papaguth.com.br\/wp-content\/uploads\/2024\/09\/2014.png\" data-width=\"219\" data-height=\"219\" style=\"aspect-ratio: auto 300 \/ 300;\" loading=\"lazy\"><\/span><\/p>\n<h2 style=\"text-align: center;\">CAMAR\u00c3O DA MINEIRINHA<\/h2>\n<h3 style=\"text-align: center;\">2014<\/h3>\n<p><span><img decoding=\"async\" alt=\"\" data-id=\"722\" width=\"219\" data-init-width=\"290\" height=\"226\" data-init-height=\"300\" title=\"2013\" src=\"https:\/\/papaguth.com.br\/wp-content\/uploads\/2024\/09\/2013.png\" data-width=\"219\" data-height=\"226\" style=\"aspect-ratio: auto 290 \/ 300;\" loading=\"lazy\"><\/span><\/p>\n<h2 style=\"text-align: center;\">MERLUZA FOI A MINAS<\/h2>\n<h3 style=\"text-align: center;\">2013<\/h3>\n<p><span><img decoding=\"async\" alt=\"\" data-id=\"721\" width=\"219\" data-init-width=\"298\" height=\"220\" data-init-height=\"300\" title=\"2012\" src=\"https:\/\/papaguth.com.br\/wp-content\/uploads\/2024\/09\/2012.png\" data-width=\"219\" data-height=\"220\" style=\"aspect-ratio: auto 298 \/ 300;\" loading=\"lazy\"><\/span><\/p>\n<h2 style=\"text-align: center;\">CAMAR\u00c3O VISTA LINDA<\/h2>\n<h3 style=\"text-align: center;\">2012<\/h3>\n<p><span><img decoding=\"async\" alt=\"\" data-id=\"720\" width=\"219\" data-init-width=\"301\" height=\"219\" data-init-height=\"300\" title=\"2010\" src=\"https:\/\/papaguth.com.br\/wp-content\/uploads\/2024\/09\/2010.png\" data-width=\"219\" data-height=\"219\" style=\"aspect-ratio: auto 301 \/ 300;\" loading=\"lazy\"><\/span><\/p>\n<h2 style=\"text-align: center;\">LAGOSTA PAPA &amp; PENHA<\/h2>\n<h3 style=\"text-align: center;\">2010<\/h3>\n<p><span><img decoding=\"async\" alt=\"\" data-id=\"719\" width=\"219\" data-init-width=\"300\" height=\"219\" data-init-height=\"300\" title=\"2009\" src=\"https:\/\/papaguth.com.br\/wp-content\/uploads\/2024\/09\/2009.png\" data-width=\"219\" data-height=\"219\" style=\"aspect-ratio: auto 300 \/ 300;\" loading=\"lazy\"><\/span><\/p>\n<h2 style=\"text-align: center;\">CUBOS DE SALM\u00c3O EM PENNE TRICOLORE<\/h2>\n<h3 style=\"text-align: center;\">2009<\/h3>\n<p><span><img decoding=\"async\" alt=\"\" data-id=\"718\" width=\"219\" data-init-width=\"300\" height=\"219\" data-init-height=\"300\" title=\"2007\" src=\"https:\/\/papaguth.com.br\/wp-content\/uploads\/2024\/09\/2007.png\" data-width=\"219\" data-height=\"219\" style=\"aspect-ratio: auto 300 \/ 300;\" loading=\"lazy\"><\/span><\/p>\n<h2 style=\"text-align: center;\">TIL\u00c1PIA EM SINFONIA DE COGUMELOS<\/h2>\n<h3 style=\"text-align: center;\">2007<\/h3>\n<p><span><img decoding=\"async\" alt=\"\" data-id=\"717\" width=\"219\" data-init-width=\"300\" height=\"219\" data-init-height=\"300\" title=\"2006\" src=\"https:\/\/papaguth.com.br\/wp-content\/uploads\/2024\/09\/2006.png\" data-width=\"219\" data-height=\"219\" style=\"aspect-ratio: auto 300 \/ 300;\" loading=\"lazy\"><\/span><\/p>\n<h2 style=\"text-align: center;\">BUDI\u00c3O KADIKASA<\/h2>\n<h3 style=\"text-align: center;\">2006<\/h3>\n<p><span><img decoding=\"async\" alt=\"\" data-id=\"716\" width=\"219\" data-init-width=\"300\" height=\"219\" data-init-height=\"300\" title=\"2005\" src=\"https:\/\/papaguth.com.br\/wp-content\/uploads\/2024\/09\/2005.png\" data-width=\"219\" data-height=\"219\" style=\"aspect-ratio: auto 300 \/ 300;\" loading=\"lazy\"><\/span><\/p>\n<h2 style=\"text-align: center;\">BADEJO COM SORRISO<\/h2>\n<h3 style=\"text-align: center;\">2005<\/h3>\n<p><span><img decoding=\"async\" alt=\"\" data-id=\"715\" width=\"219\" data-init-width=\"300\" height=\"219\" data-init-height=\"300\" title=\"2004\" src=\"https:\/\/papaguth.com.br\/wp-content\/uploads\/2024\/09\/2004.png\" data-width=\"219\" data-height=\"219\" style=\"aspect-ratio: auto 300 \/ 300;\" loading=\"lazy\"><\/span><\/p>\n<h2 style=\"text-align: center;\">LINGUADO AO CREME DE PALMITO PUPUNHA<\/h2>\n<h3 style=\"text-align: center;\">2004<\/h3>\n<p><span><img decoding=\"async\" alt=\"\" data-id=\"714\" width=\"219\" data-init-width=\"300\" height=\"219\" data-init-height=\"300\" title=\"2002\" src=\"https:\/\/papaguth.com.br\/wp-content\/uploads\/2024\/09\/2002.png\" data-width=\"219\" data-height=\"219\" style=\"aspect-ratio: auto 300 \/ 300;\" loading=\"lazy\"><\/span><\/p>\n<h2 style=\"text-align: center;\">CAMAR\u00c3O \u00c0 BONELLE<\/h2>\n<h3 style=\"text-align: center;\">2002<\/h3>\n<p><span><img decoding=\"async\" alt=\"\" data-id=\"525\" width=\"374\" data-init-width=\"805\" height=\"243\" data-init-height=\"523\" title=\"pratos-titulo\" src=\"https:\/\/papaguth.com.br\/wp-content\/uploads\/2024\/09\/pratos-titulo.png\" data-width=\"374\" data-height=\"243\" style=\"aspect-ratio: auto 805 \/ 523;\" loading=\"lazy\"><\/span><\/p>\n<p dir=\"ltr\">ASSOCIA\u00c7\u00c3O DA BOA LEMBRAN\u00c7A<\/p>\n<h1 style=\"\">Conhe\u00e7a essa linda hist\u00f3ria de boas lembran\u00e7as!<\/h1>\n<p dir=\"ltr\">O Papaguth faz parte da seleta Associa\u00e7\u00e3o da Boa Lembran\u00e7a, que re\u00fane os melhores chefs e restaurantes do Brasil. Cada um deles, como forma de transformar um item do card\u00e1pio em algo inesquec\u00edvel, presenteia o cliente com um prato em cer\u00e2mica pintada em detalhes da iguaria.<\/p>\n<p dir=\"ltr\">A ideia da Associa\u00e7\u00e3o foi inspirada nos costumes da regi\u00e3o de Parma, na It\u00e1lia, visando eternizar a degusta\u00e7\u00e3o de um prato criativo e bem preparado. Assim, tamb\u00e9m no Brasil, cada restaurante adotou o h\u00e1bito de dar ao cliente uma lembran\u00e7a simp\u00e1tica de uma boa refei\u00e7\u00e3o. Mais que um simples souvenir, o chamado Prato da Boa Lembran\u00e7a \u00e9 uma pe\u00e7a de arte, digna de ser colecionada.<\/p>\n<h1 style=\"text-align: center;\">Mergulhe no nosso ambiente antes de chegar!&nbsp;<\/h1>\n<h2 style=\"text-align: center;\">Explore cada detalhe da nossa casa em 360\u00ba<\/h2>\n<p><span><img decoding=\"async\" alt=\"\" data-id=\"895\" width=\"183\" data-init-width=\"559\" height=\"220\" data-init-height=\"671\" title=\"papaguth-logotipo-360-sombra\" loading=\"lazy\" src=\"https:\/\/papaguth.com.br\/wp-content\/uploads\/2025\/09\/papaguth-logotipo-360-sombra.png\" data-width=\"183\" data-height=\"220\" style=\"aspect-ratio: auto 559 \/ 671;\"><\/span><\/p>","protected":false},"excerpt":{"rendered":"<p>Uma Tradi\u00e7\u00e3o Deliciosa: O Prato da Boa Lembran\u00e7a O Papaguth faz parte da seleta Associa\u00e7\u00e3o da Boa Lembran\u00e7a, que re\u00fane os melhores chefs e restaurantes do Brasil. Cada um deles, como forma de transformar um item do card\u00e1pio em algo inesquec\u00edvel, presenteia o cliente com um prato em cer\u00e2mica pintada em detalhes da iguaria. Camar\u00e3o [&hellip;]<\/p>","protected":false},"author":1,"featured_media":0,"parent":0,"menu_order":0,"comment_status":"closed","ping_status":"closed","template":"","meta":{"_joinchat":[],"footnotes":""},"categories":[],"tags":[],"folder":[26],"class_list":["post-173","page","type-page","status-publish","hentry","post-wrapper","thrv_wrapper"],"_links":{"self":[{"href":"https:\/\/papaguth.com.br\/en\/wp-json\/wp\/v2\/pages\/173","targetHints":{"allow":["GET"]}}],"collection":[{"href":"https:\/\/papaguth.com.br\/en\/wp-json\/wp\/v2\/pages"}],"about":[{"href":"https:\/\/papaguth.com.br\/en\/wp-json\/wp\/v2\/types\/page"}],"author":[{"embeddable":true,"href":"https:\/\/papaguth.com.br\/en\/wp-json\/wp\/v2\/users\/1"}],"replies":[{"embeddable":true,"href":"https:\/\/papaguth.com.br\/en\/wp-json\/wp\/v2\/comments?post=173"}],"version-history":[{"count":21,"href":"https:\/\/papaguth.com.br\/en\/wp-json\/wp\/v2\/pages\/173\/revisions"}],"predecessor-version":[{"id":924,"href":"https:\/\/papaguth.com.br\/en\/wp-json\/wp\/v2\/pages\/173\/revisions\/924"}],"wp:attachment":[{"href":"https:\/\/papaguth.com.br\/en\/wp-json\/wp\/v2\/media?parent=173"}],"wp:term":[{"taxonomy":"category","embeddable":true,"href":"https:\/\/papaguth.com.br\/en\/wp-json\/wp\/v2\/categories?post=173"},{"taxonomy":"post_tag","embeddable":true,"href":"https:\/\/papaguth.com.br\/en\/wp-json\/wp\/v2\/tags?post=173"},{"taxonomy":"folder","embeddable":true,"href":"https:\/\/papaguth.com.br\/en\/wp-json\/wp\/v2\/folder?post=173"}],"curies":[{"name":"wp","href":"https:\/\/api.w.org\/{rel}","templated":true}]}}