{"id":175,"date":"2024-09-08T22:48:16","date_gmt":"2024-09-09T01:48:16","guid":{"rendered":"https:\/\/papaguth.com.br\/?page_id=175"},"modified":"2025-09-25T14:47:12","modified_gmt":"2025-09-25T17:47:12","slug":"contato","status":"publish","type":"page","link":"https:\/\/papaguth.com.br\/en\/contato\/","title":{"rendered":"CONTATO"},"content":{"rendered":"<h1 style=\"\">Fa\u00e7a sua reserva e se encante com os sabores incr\u00edveis do restaurante Papaguth!<\/h1>\n<p><span style=\"\"><img decoding=\"async\" alt=\"\" data-id=\"222\" data-init-width=\"864\" data-init-height=\"471\" title=\"institucional-panela\" src=\"https:\/\/papaguth.com.br\/wp-content\/uploads\/2024\/09\/institucional-panela.png\" data-width=\"562\" data-height=\"307\" width=\"562\" height=\"307\" style=\"aspect-ratio: auto 864 \/ 471;\" ml-d=\"0\" mt-d=\"0\" loading=\"lazy\"><\/span><\/p>\n<h3 style=\"text-align: center;\">O Papaguth gostaria de receber a sua visita<\/h3>\n<p style=\"text-align: center;\">Entre em contato conosco para saber maiores informa\u00e7\u00f5es ou tirar qualquer d\u00favida sobre o nosso restaurante. Estamos de portas abertas e sempre prontos a receber pessoas que tamb\u00e9m amam e valorizam a cozinha capixaba.<\/p>\n<p style=\"text-align: center;\"><a href=\"https:\/\/api.whatsapp.com\/send?phone=552732255773&amp;text=Gostaria%20de%20falar%20com%20um%20atendente!\" target=\"_blank\" style=\"outline: none;\" data-tcb_hover_state_parent=\"\" rel=\"noopener\">Telefone para contato: (27) 3225-5773 | contato@papaguth.com.br<\/a><\/p>\n<div class='fluentform ff-default fluentform_wrapper_3 ffs_default_wrap'><form data-form_id=\"3\" id=\"fluentform_3\" class=\"frm-fluent-form fluent_form_3 ff-el-form-top ff_form_instance_3_1 ff-form-loading ffs_default\" data-form_instance=\"ff_form_instance_3_1\" method=\"POST\" action=\"\" ><fieldset  style=\"border: none!important;margin: 0!important;padding: 0!important;background-color: transparent!important;box-shadow: none!important;outline: none!important; min-inline-size: 100%;\">\n                    <legend class=\"ff_screen_reader_title\" style=\"display: block; margin: 0!important;padding: 0!important;height: 0!important;text-indent: -999999px;width: 0!important;overflow:hidden;\">Contato<\/legend><input type='hidden' name='__fluent_form_embded_post_id' value='175' \/><input type=\"hidden\" id=\"_fluentform_3_fluentformnonce\" name=\"_fluentform_3_fluentformnonce\" value=\"01b3091ff8\" \/><input type=\"hidden\" name=\"_wp_http_referer\" value=\"\/en\/wp-json\/wp\/v2\/pages\/175\" \/><div data-name=\"ff_cn_id_1\"  class='ff-t-container ff-column-container ff_columns_total_2'><div class='ff-t-cell ff-t-column-1' style='flex-basis: 50%;'><div data-type=\"name-element\" data-name=\"names\" class=\"ff-field_container ff-name-field-wrapper\" ><div class='ff-t-container'><div class='ff-t-cell'><div class='ff-el-group ff-el-form-top'><div class=\"ff-el-input--label ff-el-is-required asterisk-right\"><label for='ff_3_names_first_name_' id='label_ff_3_names_first_name_' >Nome<\/label><\/div><div class='ff-el-input--content'><input type=\"text\" name=\"names[first_name]\" id=\"ff_3_names_first_name_\" class=\"ff-el-form-control\" aria-invalid=\"false\" aria-required=\"true\"><\/div><\/div><\/div><\/div><\/div><\/div><div class='ff-t-cell ff-t-column-2' style='flex-basis: 50%;'><div class='ff-el-group'><div class=\"ff-el-input--label ff-el-is-required asterisk-right\"><label for='ff_3_email' id='label_ff_3_email' aria-label=\"Email\">Email<\/label><\/div><div class='ff-el-input--content'><input type=\"email\" name=\"email\" id=\"ff_3_email\" class=\"ff-el-form-control\" data-name=\"email\"  aria-invalid=\"false\" aria-required=\"true\"><\/div><\/div><\/div><\/div><div data-name=\"ff_cn_id_2\"  class='ff-t-container ff-column-container ff_columns_total_2'><div class='ff-t-cell ff-t-column-1' style='flex-basis: 50%;'><div class='ff-el-group'><div class=\"ff-el-input--label asterisk-right\"><label for='ff_3_phone' id='label_ff_3_phone' aria-label=\"Celular\">Celular<\/label><\/div><div class='ff-el-input--content'><input name=\"phone\" class=\"ff-el-form-control ff-el-phone\" type=\"tel\" data-name=\"phone\" id=\"ff_3_phone\" inputmode=\"tel\"  aria-invalid='false' aria-required=\"false\"><\/div><\/div><\/div><div class='ff-t-cell ff-t-column-2' style='flex-basis: 50%;'><div class='ff-el-group'><div class=\"ff-el-input--label asterisk-right\"><label for='ff_3_dropdown' id='label_ff_3_dropdown' aria-label=\"Assunto\">Assunto<\/label><\/div><div class='ff-el-input--content'><select name=\"dropdown\" id=\"ff_3_dropdown\" class=\"ff-el-form-control\" data-name=\"dropdown\" data-calc_value=\"0\"  aria-invalid=\"false\" aria-required=\"false\" aria-labelledby=\"label_ff_3_dropdown\"><option value=\"\">Selecione...<\/option><option value=\"Eventos\"  >Eventos<\/option><option value=\"D\u00favidas\"  >D\u00favidas<\/option><option value=\"Sugest\u00f5es\"  >Sugest\u00f5es<\/option><\/select><\/div><\/div><\/div><\/div><div class='ff-el-group'><div class=\"ff-el-input--label asterisk-right\"><label for='ff_3_description' id='label_ff_3_description' aria-label=\"Deixe aqui a sua mensagem!\">Deixe aqui a sua mensagem!<\/label><\/div><div class='ff-el-input--content'><textarea aria-required=\"false\" aria-labelledby=\"label_ff_3_description\" name=\"description\" id=\"ff_3_description\" class=\"ff-el-form-control\" rows=\"3\" cols=\"2\" data-name=\"description\" ><\/textarea><\/div><\/div><div class='ff-el-group ff-text-left ff_submit_btn_wrapper'><button type=\"submit\" class=\"ff-btn ff-btn-submit ff-btn-md ff_btn_style wpf_has_custom_css\"  aria-label=\"Enviar\">Enviar<\/button><\/div><\/fieldset><input type=\"hidden\" name=\"trp-form-language\" value=\"en\"\/><\/form><div id='fluentform_3_errors' class='ff-errors-in-stack ff_form_instance_3_1 ff-form-loading_errors ff_form_instance_3_1_errors'><\/div><\/div>            <script type=\"text\/javascript\">\n                window.fluent_form_ff_form_instance_3_1 = {\"id\":\"3\",\"settings\":{\"layout\":{\"labelPlacement\":\"top\",\"helpMessagePlacement\":\"with_label\",\"errorMessagePlacement\":\"inline\",\"cssClassName\":\"\",\"asteriskPlacement\":\"asterisk-right\"},\"restrictions\":{\"denyEmptySubmission\":{\"enabled\":false}}},\"form_instance\":\"ff_form_instance_3_1\",\"form_id_selector\":\"fluentform_3\",\"rules\":{\"names[first_name]\":{\"required\":{\"value\":true,\"message\":\"This field is required\",\"global_message\":\"This field is required\",\"global\":true}},\"names[middle_name]\":{\"required\":{\"value\":false,\"message\":\"This field is required\",\"global_message\":\"This field is required\",\"global\":true}},\"names[last_name]\":{\"required\":{\"value\":false,\"message\":\"This field is required\",\"global_message\":\"This field is required\",\"global\":true}},\"email\":{\"required\":{\"value\":true,\"message\":\"This field is required\",\"global_message\":\"This field is required\",\"global\":true},\"email\":{\"value\":true,\"message\":\"This field must contain a valid email\",\"global_message\":\"This field must contain a valid email\",\"global\":true}},\"phone\":{\"required\":{\"value\":false,\"global\":true,\"message\":\"This field is required\",\"global_message\":\"This field is required\"},\"valid_phone_number\":{\"value\":false,\"global\":true,\"message\":\"Phone number is not valid\",\"global_message\":\"Phone number is not valid\"}},\"dropdown\":{\"required\":{\"value\":false,\"message\":\"This field is required\",\"global_message\":\"This field is required\",\"global\":true}},\"description\":{\"required\":{\"value\":false,\"message\":\"This field is required\",\"global_message\":\"This field is required\",\"global\":true}}},\"debounce_time\":300};\n                            <\/script>\n            \n<h1 style=\"text-align: center;\">Mergulhe no nosso ambiente antes de chegar!&nbsp;<\/h1>\n<h2 style=\"text-align: center;\">Explore cada detalhe da nossa casa em 360\u00ba<\/h2>\n<p><span><img decoding=\"async\" alt=\"\" data-id=\"895\" width=\"183\" data-init-width=\"559\" height=\"220\" data-init-height=\"671\" title=\"papaguth-logotipo-360-sombra\" loading=\"lazy\" src=\"https:\/\/papaguth.com.br\/wp-content\/uploads\/2025\/09\/papaguth-logotipo-360-sombra.png\" data-width=\"183\" data-height=\"220\" style=\"aspect-ratio: auto 559 \/ 671;\"><\/span><\/p>","protected":false},"excerpt":{"rendered":"<p>Fa\u00e7a sua reserva e se encante com os sabores incr\u00edveis do restaurante Papaguth! O Papaguth gostaria de receber a sua visita Entre em contato conosco para saber maiores informa\u00e7\u00f5es ou tirar qualquer d\u00favida sobre o nosso restaurante. Estamos de portas abertas e sempre prontos a receber pessoas que tamb\u00e9m amam e valorizam a cozinha capixaba. [&hellip;]<\/p>","protected":false},"author":1,"featured_media":0,"parent":0,"menu_order":0,"comment_status":"closed","ping_status":"closed","template":"","meta":{"_joinchat":[],"footnotes":""},"categories":[],"tags":[],"folder":[26],"class_list":["post-175","page","type-page","status-publish","hentry","post-wrapper","thrv_wrapper"],"_links":{"self":[{"href":"https:\/\/papaguth.com.br\/en\/wp-json\/wp\/v2\/pages\/175","targetHints":{"allow":["GET"]}}],"collection":[{"href":"https:\/\/papaguth.com.br\/en\/wp-json\/wp\/v2\/pages"}],"about":[{"href":"https:\/\/papaguth.com.br\/en\/wp-json\/wp\/v2\/types\/page"}],"author":[{"embeddable":true,"href":"https:\/\/papaguth.com.br\/en\/wp-json\/wp\/v2\/users\/1"}],"replies":[{"embeddable":true,"href":"https:\/\/papaguth.com.br\/en\/wp-json\/wp\/v2\/comments?post=175"}],"version-history":[{"count":13,"href":"https:\/\/papaguth.com.br\/en\/wp-json\/wp\/v2\/pages\/175\/revisions"}],"predecessor-version":[{"id":911,"href":"https:\/\/papaguth.com.br\/en\/wp-json\/wp\/v2\/pages\/175\/revisions\/911"}],"wp:attachment":[{"href":"https:\/\/papaguth.com.br\/en\/wp-json\/wp\/v2\/media?parent=175"}],"wp:term":[{"taxonomy":"category","embeddable":true,"href":"https:\/\/papaguth.com.br\/en\/wp-json\/wp\/v2\/categories?post=175"},{"taxonomy":"post_tag","embeddable":true,"href":"https:\/\/papaguth.com.br\/en\/wp-json\/wp\/v2\/tags?post=175"},{"taxonomy":"folder","embeddable":true,"href":"https:\/\/papaguth.com.br\/en\/wp-json\/wp\/v2\/folder?post=175"}],"curies":[{"name":"wp","href":"https:\/\/api.w.org\/{rel}","templated":true}]}}